{"id":124,"date":"2015-11-12T12:42:16","date_gmt":"2015-11-12T11:42:16","guid":{"rendered":"http:\/\/www.naturfotografen-online.de\/jbitzer\/?page_id=124"},"modified":"2018-12-10T18:49:08","modified_gmt":"2018-12-10T17:49:08","slug":"wattenmeer-bei-sylt","status":"publish","type":"page","link":"https:\/\/www.naturfotografen-online.de\/jbitzer\/reiseberichte\/wattenmeer-bei-sylt\/","title":{"rendered":"Wattenmeer bei Sylt"},"content":{"rendered":"<div class=\"article-header sc boxy\" data-role=\"header\">\n<div class=\"article-title-wrap\">\n<h3 class=\"article-title entry-title\"><em><strong>Impressionen aus dem Wattenmeer in Sylt<\/strong><\/em><\/h3>\n<p><em><strong><a href=\"http:\/\/www.naturfotografen-online.de\/jbitzer\/bildergalerien\/wattenmeer-bilder\/\">Zur Bildergalerie<\/a><\/strong><\/em><\/p>\n<\/div>\n<\/div>\n<div class=\"article-content sc pp-img-protect-clicks\" data-role=\"content\">\n<p>Eine Fr\u00fchlingsreise an das Wattenmeer von Sylt: Auch wenn wir uns warmes und sonniges Fr\u00fchlingswetter gew\u00fcnscht h\u00e4tten, erwartete uns eher ein sp\u00e4tes \u201eWinterwetter\u201c mit ganz viel kaltem Wind. Genaugenommen zeigte sich die Nordsee fast genau so, wie wir sie im November verlassen hatten \u2013 grau in grau,\u00a0kaum eine\u00a0Blume \u00a0und auch kein Gr\u00fcn\u2026 Trotzdem war es wundersch\u00f6n und unsere Bronchien konnten sich wunderbar erholen. Als Dank durften wir einige\u00a0tolle und eindrucksvolle Bilder mit nach Hause nehmen\u2026 Viel Freude beim Anschauen der Bilder. Euer J\u00fcrgen<\/p>\n\n\t\t<div id='gallery-1' class='gallery galleryid-124 gallery-columns-7 gallery-size-thumbnail gallery1'><script type=\"text\/javascript\">\r\n\/\/ <![CDATA[\r\n\tjQuery(document).ready(function () {\r\n\t\tjQuery(\".gallery1 a\").attr(\"rel\",\"gallery1\");\t\r\n\t\tjQuery('a[rel=\"gallery1\"]').colorbox({maxWidth:\"95%\", maxHeight:\"95%\",title: function(){ return jQuery(this).children().attr(\"alt\"); }, });\r\n\t});\r\n\/\/ ]]>\r\n<\/script>\n<figure class=\"gallery-item\">\n<div class=\"gallery-icon\">\r\n<a href=\"https:\/\/www.naturfotografen-online.de\/jbitzer\/wp-content\/uploads\/2015\/11\/Sylt_2010.jpg\" title=\"Austernfischer (Haematopus ostralegus)\" rel=\"gallery1\"><img src=\"https:\/\/www.naturfotografen-online.de\/jbitzer\/wp-content\/uploads\/2015\/11\/Sylt_2010-150x150.jpg\" width=\"120\" height=\"120\" alt=\"Austernfischer (Haematopus ostralegus)\" \/><\/a>\r\n<\/div><figcaption class=\"gallery-caption\" id=\"caption655\"><span class=\"imagecaption\">Austernfischer (Haematopus ostralegus)<\/span><br \/>\n<\/figcaption><\/figure><figure class=\"gallery-item\">\n<div class=\"gallery-icon\">\r\n<a href=\"https:\/\/www.naturfotografen-online.de\/jbitzer\/wp-content\/uploads\/2015\/11\/Sylt_2010-1.jpg\" title=\"Qualle (Medusae)\" rel=\"gallery1\"><img src=\"https:\/\/www.naturfotografen-online.de\/jbitzer\/wp-content\/uploads\/2015\/11\/Sylt_2010-1-150x150.jpg\" width=\"120\" height=\"120\" alt=\"Qualle (Medusae)\" \/><\/a>\r\n<\/div><figcaption class=\"gallery-caption\" id=\"caption656\"><span class=\"imagecaption\">Qualle (Medusae)<\/span><br \/>\n<\/figcaption><\/figure><figure class=\"gallery-item\">\n<div class=\"gallery-icon\">\r\n<a href=\"https:\/\/www.naturfotografen-online.de\/jbitzer\/wp-content\/uploads\/2015\/11\/Sylt_2010-2.jpg\" title=\"Brandg\u00e4nse (Tadorna tadorna)\" rel=\"gallery1\"><img src=\"https:\/\/www.naturfotografen-online.de\/jbitzer\/wp-content\/uploads\/2015\/11\/Sylt_2010-2-150x150.jpg\" width=\"120\" height=\"120\" alt=\"Brandg\u00e4nse (Tadorna tadorna)\" \/><\/a>\r\n<\/div><figcaption class=\"gallery-caption\" id=\"caption657\"><span class=\"imagecaption\">Brandg\u00e4nse (Tadorna tadorna)<\/span><br \/>\n<\/figcaption><\/figure><figure class=\"gallery-item\">\n<div class=\"gallery-icon\">\r\n<a href=\"https:\/\/www.naturfotografen-online.de\/jbitzer\/wp-content\/uploads\/2015\/11\/Sylt_2010-3.jpg\" title=\"Strandhafer\" rel=\"gallery1\"><img src=\"https:\/\/www.naturfotografen-online.de\/jbitzer\/wp-content\/uploads\/2015\/11\/Sylt_2010-3-150x150.jpg\" width=\"120\" height=\"120\" alt=\"Strandhafer\" \/><\/a>\r\n<\/div><figcaption class=\"gallery-caption\" id=\"caption658\"><span class=\"imagecaption\">Strandhafer<\/span><br \/>\n<\/figcaption><\/figure><figure class=\"gallery-item\">\n<div class=\"gallery-icon\">\r\n<a href=\"https:\/\/www.naturfotografen-online.de\/jbitzer\/wp-content\/uploads\/2015\/11\/Sylt_2010-4.jpg\" title=\"Wattenmeer\" rel=\"gallery1\"><img src=\"https:\/\/www.naturfotografen-online.de\/jbitzer\/wp-content\/uploads\/2015\/11\/Sylt_2010-4-150x150.jpg\" width=\"120\" height=\"120\" alt=\"Wattenmeer\" \/><\/a>\r\n<\/div><figcaption class=\"gallery-caption\" id=\"caption659\"><span class=\"imagecaption\">Wattenmeer<\/span><br \/>\n<\/figcaption><\/figure><figure class=\"gallery-item\">\n<div class=\"gallery-icon\">\r\n<a href=\"https:\/\/www.naturfotografen-online.de\/jbitzer\/wp-content\/uploads\/2015\/11\/Sylt_2010-5.jpg\" title=\"Mutter und Kind\" rel=\"gallery1\"><img src=\"https:\/\/www.naturfotografen-online.de\/jbitzer\/wp-content\/uploads\/2015\/11\/Sylt_2010-5-150x150.jpg\" width=\"120\" height=\"120\" alt=\"Mutter und Kind\" \/><\/a>\r\n<\/div><figcaption class=\"gallery-caption\" id=\"caption660\"><span class=\"imagecaption\">Mutter und Kind<\/span><br \/>\n<\/figcaption><\/figure><figure class=\"gallery-item\">\n<div class=\"gallery-icon\">\r\n<a href=\"https:\/\/www.naturfotografen-online.de\/jbitzer\/wp-content\/uploads\/2015\/11\/Sylt_2010-6.jpg\" title=\"Meerblick\" rel=\"gallery1\"><img src=\"https:\/\/www.naturfotografen-online.de\/jbitzer\/wp-content\/uploads\/2015\/11\/Sylt_2010-6-150x150.jpg\" width=\"120\" height=\"120\" alt=\"Meerblick\" \/><\/a>\r\n<\/div><figcaption class=\"gallery-caption\" id=\"caption661\"><span class=\"imagecaption\">Meerblick<\/span><br \/>\n<\/figcaption><\/figure><figure class=\"gallery-item\">\n<div class=\"gallery-icon\">\r\n<a href=\"https:\/\/www.naturfotografen-online.de\/jbitzer\/wp-content\/uploads\/2015\/11\/Sylt_2010-7.jpg\" title=\"Jagdfasan (Phasianus colchicus)\" rel=\"gallery1\"><img src=\"https:\/\/www.naturfotografen-online.de\/jbitzer\/wp-content\/uploads\/2015\/11\/Sylt_2010-7-150x150.jpg\" width=\"120\" height=\"120\" alt=\"Jagdfasan (Phasianus colchicus)\" \/><\/a>\r\n<\/div><figcaption class=\"gallery-caption\" id=\"caption662\"><span class=\"imagecaption\">Jagdfasan (Phasianus colchicus)<\/span><br \/>\n<\/figcaption><\/figure><figure class=\"gallery-item\">\n<div class=\"gallery-icon\">\r\n<a href=\"https:\/\/www.naturfotografen-online.de\/jbitzer\/wp-content\/uploads\/2015\/11\/Sylt_2010-8.jpg\" title=\"Ringelg\u00e4nse (Tadorna tadorna)\" rel=\"gallery1\"><img src=\"https:\/\/www.naturfotografen-online.de\/jbitzer\/wp-content\/uploads\/2015\/11\/Sylt_2010-8-150x150.jpg\" width=\"120\" height=\"120\" alt=\"Ringelg\u00e4nse (Tadorna tadorna)\" \/><\/a>\r\n<\/div><figcaption class=\"gallery-caption\" id=\"caption663\"><span class=\"imagecaption\">Ringelg\u00e4nse (Tadorna tadorna)<\/span><br \/>\n<\/figcaption><\/figure><figure class=\"gallery-item\">\n<div class=\"gallery-icon\">\r\n<a href=\"https:\/\/www.naturfotografen-online.de\/jbitzer\/wp-content\/uploads\/2015\/11\/Sylt_2010-9.jpg\" title=\"Gro\u00dfer Brachvogel (Numenius arquata)\" rel=\"gallery1\"><img src=\"https:\/\/www.naturfotografen-online.de\/jbitzer\/wp-content\/uploads\/2015\/11\/Sylt_2010-9-150x150.jpg\" width=\"120\" height=\"120\" alt=\"Gro\u00dfer Brachvogel (Numenius arquata)\" \/><\/a>\r\n<\/div><figcaption class=\"gallery-caption\" id=\"caption664\"><span class=\"imagecaption\">Gro\u00dfer Brachvogel (Numenius arquata)<\/span><br \/>\n<\/figcaption><\/figure><figure class=\"gallery-item\">\n<div class=\"gallery-icon\">\r\n<a href=\"https:\/\/www.naturfotografen-online.de\/jbitzer\/wp-content\/uploads\/2015\/11\/Sylt_2010-10.jpg\" title=\"Im Strandhafer\" rel=\"gallery1\"><img src=\"https:\/\/www.naturfotografen-online.de\/jbitzer\/wp-content\/uploads\/2015\/11\/Sylt_2010-10-150x150.jpg\" width=\"120\" height=\"120\" alt=\"Im Strandhafer\" \/><\/a>\r\n<\/div><figcaption class=\"gallery-caption\" id=\"caption665\"><span class=\"imagecaption\">Im Strandhafer<\/span><br \/>\n<\/figcaption><\/figure><figure class=\"gallery-item\">\n<div class=\"gallery-icon\">\r\n<a href=\"https:\/\/www.naturfotografen-online.de\/jbitzer\/wp-content\/uploads\/2015\/11\/Sylt_2010-11.jpg\" title=\"Knutt (Calidris canutus)\" rel=\"gallery1\"><img src=\"https:\/\/www.naturfotografen-online.de\/jbitzer\/wp-content\/uploads\/2015\/11\/Sylt_2010-11-150x150.jpg\" width=\"120\" height=\"120\" alt=\"Knutt (Calidris canutus)\" \/><\/a>\r\n<\/div><figcaption class=\"gallery-caption\" id=\"caption666\"><span class=\"imagecaption\">Knutt (Calidris canutus)<\/span><br \/>\n<\/figcaption><\/figure><figure class=\"gallery-item\">\n<div class=\"gallery-icon\">\r\n<a href=\"https:\/\/www.naturfotografen-online.de\/jbitzer\/wp-content\/uploads\/2015\/11\/Sylt_2010-12.jpg\" title=\"Knutt-Meeting\" rel=\"gallery1\"><img src=\"https:\/\/www.naturfotografen-online.de\/jbitzer\/wp-content\/uploads\/2015\/11\/Sylt_2010-12-150x150.jpg\" width=\"120\" height=\"120\" alt=\"Knutt-Meeting\" \/><\/a>\r\n<\/div><figcaption class=\"gallery-caption\" id=\"caption667\"><span class=\"imagecaption\">Knutt-Meeting<\/span><br \/>\n<\/figcaption><\/figure><figure class=\"gallery-item\">\n<div class=\"gallery-icon\">\r\n<a href=\"https:\/\/www.naturfotografen-online.de\/jbitzer\/wp-content\/uploads\/2015\/11\/Sylt_2010-13.jpg\" title=\"Ein Pulk  von Knutts\" rel=\"gallery1\"><img src=\"https:\/\/www.naturfotografen-online.de\/jbitzer\/wp-content\/uploads\/2015\/11\/Sylt_2010-13-150x150.jpg\" width=\"120\" height=\"120\" alt=\"Ein Pulk  von Knutts\" \/><\/a>\r\n<\/div><figcaption class=\"gallery-caption\" id=\"caption668\"><span class=\"imagecaption\">Ein Pulk  von Knutts<\/span><br \/>\n<\/figcaption><\/figure><figure class=\"gallery-item\">\n<div class=\"gallery-icon\">\r\n<a href=\"https:\/\/www.naturfotografen-online.de\/jbitzer\/wp-content\/uploads\/2015\/11\/Sylt_2010-14.jpg\" title=\"Knutts (Calidris canutus)\" rel=\"gallery1\"><img src=\"https:\/\/www.naturfotografen-online.de\/jbitzer\/wp-content\/uploads\/2015\/11\/Sylt_2010-14-150x150.jpg\" width=\"120\" height=\"120\" alt=\"Knutts (Calidris canutus)\" \/><\/a>\r\n<\/div><figcaption class=\"gallery-caption\" id=\"caption669\"><span class=\"imagecaption\">Knutts (Calidris canutus)<\/span><br \/>\n<\/figcaption><\/figure><figure class=\"gallery-item\">\n<div class=\"gallery-icon\">\r\n<a href=\"https:\/\/www.naturfotografen-online.de\/jbitzer\/wp-content\/uploads\/2015\/11\/Sylt_2010-15.jpg\" title=\"Knutts\" rel=\"gallery1\"><img src=\"https:\/\/www.naturfotografen-online.de\/jbitzer\/wp-content\/uploads\/2015\/11\/Sylt_2010-15-150x150.jpg\" width=\"120\" height=\"120\" alt=\"Knutts\" \/><\/a>\r\n<\/div><figcaption class=\"gallery-caption\" id=\"caption670\"><span class=\"imagecaption\">Knutts<\/span><br \/>\n<\/figcaption><\/figure><figure class=\"gallery-item\">\n<div class=\"gallery-icon\">\r\n<a href=\"https:\/\/www.naturfotografen-online.de\/jbitzer\/wp-content\/uploads\/2015\/11\/Sylt_2010-16.jpg\" title=\"Junge Silberm\u00f6we (Larus argentatus)\" rel=\"gallery1\"><img src=\"https:\/\/www.naturfotografen-online.de\/jbitzer\/wp-content\/uploads\/2015\/11\/Sylt_2010-16-150x150.jpg\" width=\"120\" height=\"120\" alt=\"Junge Silberm\u00f6we (Larus argentatus)\" \/><\/a>\r\n<\/div><figcaption class=\"gallery-caption\" id=\"caption671\"><span class=\"imagecaption\">Junge Silberm\u00f6we (Larus argentatus)<\/span><br \/>\n<\/figcaption><\/figure><figure class=\"gallery-item\">\n<div class=\"gallery-icon\">\r\n<a href=\"https:\/\/www.naturfotografen-online.de\/jbitzer\/wp-content\/uploads\/2015\/11\/Sylt_2010-17.jpg\" title=\"Spuren im Sand\" rel=\"gallery1\"><img src=\"https:\/\/www.naturfotografen-online.de\/jbitzer\/wp-content\/uploads\/2015\/11\/Sylt_2010-17-150x150.jpg\" width=\"120\" height=\"120\" alt=\"Spuren im Sand\" \/><\/a>\r\n<\/div><figcaption class=\"gallery-caption\" id=\"caption672\"><span class=\"imagecaption\">Spuren im Sand<\/span><br \/>\n<\/figcaption><\/figure><figure class=\"gallery-item\">\n<div class=\"gallery-icon\">\r\n<a href=\"https:\/\/www.naturfotografen-online.de\/jbitzer\/wp-content\/uploads\/2015\/11\/Sylt_2010-18.jpg\" title=\"M\u00f6wentreff\" rel=\"gallery1\"><img src=\"https:\/\/www.naturfotografen-online.de\/jbitzer\/wp-content\/uploads\/2015\/11\/Sylt_2010-18-150x150.jpg\" width=\"120\" height=\"120\" alt=\"M\u00f6wentreff\" \/><\/a>\r\n<\/div><figcaption class=\"gallery-caption\" id=\"caption673\"><span class=\"imagecaption\">M\u00f6wentreff<\/span><br \/>\n<\/figcaption><\/figure><figure class=\"gallery-item\">\n<div class=\"gallery-icon\">\r\n<a href=\"https:\/\/www.naturfotografen-online.de\/jbitzer\/wp-content\/uploads\/2015\/11\/Sylt_2010-19.jpg\" title=\"Zum Wattenmeer\" rel=\"gallery1\"><img src=\"https:\/\/www.naturfotografen-online.de\/jbitzer\/wp-content\/uploads\/2015\/11\/Sylt_2010-19-150x150.jpg\" width=\"120\" height=\"120\" alt=\"Zum Wattenmeer\" \/><\/a>\r\n<\/div><figcaption class=\"gallery-caption\" id=\"caption674\"><span class=\"imagecaption\">Zum Wattenmeer<\/span><br \/>\n<\/figcaption><\/figure><figure class=\"gallery-item\">\n<div class=\"gallery-icon\">\r\n<a href=\"https:\/\/www.naturfotografen-online.de\/jbitzer\/wp-content\/uploads\/2015\/11\/Sylt_2010-20.jpg\" title=\"Ringelg\u00e4nse (Branata bernicia)\" rel=\"gallery1\"><img src=\"https:\/\/www.naturfotografen-online.de\/jbitzer\/wp-content\/uploads\/2015\/11\/Sylt_2010-20-150x150.jpg\" width=\"120\" height=\"120\" alt=\"Ringelg\u00e4nse (Branata bernicia)\" \/><\/a>\r\n<\/div><figcaption class=\"gallery-caption\" id=\"caption675\"><span class=\"imagecaption\">Ringelg\u00e4nse (Branata bernicia)<\/span><br \/>\n<\/figcaption><\/figure><figure class=\"gallery-item\">\n<div class=\"gallery-icon\">\r\n<a href=\"https:\/\/www.naturfotografen-online.de\/jbitzer\/wp-content\/uploads\/2015\/11\/Sylt_2010-21.jpg\" title=\"Steinschm\u00e4tzer (Oenanthe oenanthe)\" rel=\"gallery1\"><img src=\"https:\/\/www.naturfotografen-online.de\/jbitzer\/wp-content\/uploads\/2015\/11\/Sylt_2010-21-150x150.jpg\" width=\"120\" height=\"120\" alt=\"Steinschm\u00e4tzer (Oenanthe oenanthe)\" \/><\/a>\r\n<\/div><figcaption class=\"gallery-caption\" id=\"caption676\"><span class=\"imagecaption\">Steinschm\u00e4tzer (Oenanthe oenanthe)<\/span><br \/>\n<\/figcaption><\/figure><figure class=\"gallery-item\">\n<div class=\"gallery-icon\">\r\n<a href=\"https:\/\/www.naturfotografen-online.de\/jbitzer\/wp-content\/uploads\/2015\/11\/Sylt_2010-22.jpg\" title=\"Steinw\u00e4lzer (Arenaria interpres)\" rel=\"gallery1\"><img src=\"https:\/\/www.naturfotografen-online.de\/jbitzer\/wp-content\/uploads\/2015\/11\/Sylt_2010-22-150x150.jpg\" width=\"120\" height=\"120\" alt=\"Steinw\u00e4lzer (Arenaria interpres)\" \/><\/a>\r\n<\/div><figcaption class=\"gallery-caption\" id=\"caption677\"><span class=\"imagecaption\">Steinw\u00e4lzer (Arenaria interpres)<\/span><br \/>\n<\/figcaption><\/figure><figure class=\"gallery-item\">\n<div class=\"gallery-icon\">\r\n<a href=\"https:\/\/www.naturfotografen-online.de\/jbitzer\/wp-content\/uploads\/2015\/11\/Sylt_2010-23.jpg\" title=\"Muschelsammelsurium\" rel=\"gallery1\"><img src=\"https:\/\/www.naturfotografen-online.de\/jbitzer\/wp-content\/uploads\/2015\/11\/Sylt_2010-23-150x150.jpg\" width=\"120\" height=\"120\" alt=\"Muschelsammelsurium\" \/><\/a>\r\n<\/div><figcaption class=\"gallery-caption\" id=\"caption678\"><span class=\"imagecaption\">Muschelsammelsurium<\/span><br \/>\n<\/figcaption><\/figure><figure class=\"gallery-item\">\n<div class=\"gallery-icon\">\r\n<a href=\"https:\/\/www.naturfotografen-online.de\/jbitzer\/wp-content\/uploads\/2015\/11\/Sylt_2010-24.jpg\" title=\"Strandhafer\" rel=\"gallery1\"><img src=\"https:\/\/www.naturfotografen-online.de\/jbitzer\/wp-content\/uploads\/2015\/11\/Sylt_2010-24-150x150.jpg\" width=\"120\" height=\"120\" alt=\"Strandhafer\" \/><\/a>\r\n<\/div><figcaption class=\"gallery-caption\" id=\"caption679\"><span class=\"imagecaption\">Strandhafer<\/span><br \/>\n<\/figcaption><\/figure><figure class=\"gallery-item\">\n<div class=\"gallery-icon\">\r\n<a href=\"https:\/\/www.naturfotografen-online.de\/jbitzer\/wp-content\/uploads\/2015\/11\/Sylt_2010-25.jpg\" title=\"Lachm\u00f6we (Chroicocephalus ridibundus)\" rel=\"gallery1\"><img src=\"https:\/\/www.naturfotografen-online.de\/jbitzer\/wp-content\/uploads\/2015\/11\/Sylt_2010-25-150x150.jpg\" width=\"120\" height=\"120\" alt=\"Lachm\u00f6we (Chroicocephalus ridibundus)\" \/><\/a>\r\n<\/div><figcaption class=\"gallery-caption\" id=\"caption680\"><span class=\"imagecaption\">Lachm\u00f6we (Chroicocephalus ridibundus)<\/span><br \/>\n<\/figcaption><\/figure><figure class=\"gallery-item\">\n<div class=\"gallery-icon\">\r\n<a href=\"https:\/\/www.naturfotografen-online.de\/jbitzer\/wp-content\/uploads\/2015\/11\/Sylt_2010-26.jpg\" title=\"Ebbe im Wattenmeer\" rel=\"gallery1\"><img src=\"https:\/\/www.naturfotografen-online.de\/jbitzer\/wp-content\/uploads\/2015\/11\/Sylt_2010-26-150x150.jpg\" width=\"120\" height=\"120\" alt=\"Ebbe im Wattenmeer\" \/><\/a>\r\n<\/div><figcaption class=\"gallery-caption\" id=\"caption681\"><span class=\"imagecaption\">Ebbe im Wattenmeer<\/span><br \/>\n<\/figcaption><\/figure><figure class=\"gallery-item\">\n<div class=\"gallery-icon\">\r\n<a href=\"https:\/\/www.naturfotografen-online.de\/jbitzer\/wp-content\/uploads\/2015\/11\/Sylt_2010-27.jpg\" title=\"K\u00f6nigshafen auf Sylt\" rel=\"gallery1\"><img src=\"https:\/\/www.naturfotografen-online.de\/jbitzer\/wp-content\/uploads\/2015\/11\/Sylt_2010-27-150x150.jpg\" width=\"120\" height=\"120\" alt=\"K\u00f6nigshafen auf Sylt\" \/><\/a>\r\n<\/div><figcaption class=\"gallery-caption\" id=\"caption682\"><span class=\"imagecaption\">K\u00f6nigshafen auf Sylt<\/span><br \/>\n<\/figcaption><\/figure><figure class=\"gallery-item\">\n<div class=\"gallery-icon\">\r\n<a href=\"https:\/\/www.naturfotografen-online.de\/jbitzer\/wp-content\/uploads\/2015\/11\/Sylt_2010-28.jpg\" title=\"\" rel=\"gallery1\"><img src=\"https:\/\/www.naturfotografen-online.de\/jbitzer\/wp-content\/uploads\/2015\/11\/Sylt_2010-28-150x150.jpg\" width=\"120\" height=\"120\" alt=\"\" \/><\/a>\r\n<\/div><\/figure>\r\n\t\t<\/div>\n\n<\/div>\n","protected":false},"excerpt":{"rendered":"<p>Impressionen aus dem Wattenmeer in Sylt Zur Bildergalerie Eine Fr\u00fchlingsreise an das Wattenmeer von Sylt: Auch wenn wir uns warmes und sonniges Fr\u00fchlingswetter gew\u00fcnscht h\u00e4tten, erwartete uns eher ein sp\u00e4tes \u201eWinterwetter\u201c mit ganz viel kaltem Wind. Genaugenommen zeigte sich die Nordsee fast genau so, wie wir sie im November verlassen hatten \u2013 grau in grau,\u00a0kaum &hellip; <a href=\"https:\/\/www.naturfotografen-online.de\/jbitzer\/reiseberichte\/wattenmeer-bei-sylt\/\" class=\"more-link\"><span class=\"screen-reader-text\">Wattenmeer bei Sylt<\/span> weiterlesen <span class=\"meta-nav\">&rarr;<\/span><\/a><\/p>\n","protected":false},"author":2,"featured_media":0,"parent":110,"menu_order":0,"comment_status":"closed","ping_status":"closed","template":"page-templates\/full-width.php","meta":[],"_links":{"self":[{"href":"https:\/\/www.naturfotografen-online.de\/jbitzer\/wp-json\/wp\/v2\/pages\/124"}],"collection":[{"href":"https:\/\/www.naturfotografen-online.de\/jbitzer\/wp-json\/wp\/v2\/pages"}],"about":[{"href":"https:\/\/www.naturfotografen-online.de\/jbitzer\/wp-json\/wp\/v2\/types\/page"}],"author":[{"embeddable":true,"href":"https:\/\/www.naturfotografen-online.de\/jbitzer\/wp-json\/wp\/v2\/users\/2"}],"replies":[{"embeddable":true,"href":"https:\/\/www.naturfotografen-online.de\/jbitzer\/wp-json\/wp\/v2\/comments?post=124"}],"version-history":[{"count":6,"href":"https:\/\/www.naturfotografen-online.de\/jbitzer\/wp-json\/wp\/v2\/pages\/124\/revisions"}],"predecessor-version":[{"id":6023,"href":"https:\/\/www.naturfotografen-online.de\/jbitzer\/wp-json\/wp\/v2\/pages\/124\/revisions\/6023"}],"up":[{"embeddable":true,"href":"https:\/\/www.naturfotografen-online.de\/jbitzer\/wp-json\/wp\/v2\/pages\/110"}],"wp:attachment":[{"href":"https:\/\/www.naturfotografen-online.de\/jbitzer\/wp-json\/wp\/v2\/media?parent=124"}],"curies":[{"name":"wp","href":"https:\/\/api.w.org\/{rel}","templated":true}]}}