{"id":126,"date":"2015-11-12T12:43:58","date_gmt":"2015-11-12T11:43:58","guid":{"rendered":"http:\/\/www.naturfotografen-online.de\/jbitzer\/?page_id=126"},"modified":"2016-01-13T14:22:49","modified_gmt":"2016-01-13T13:22:49","slug":"kurzreise-zum-pilatus","status":"publish","type":"page","link":"https:\/\/www.naturfotografen-online.de\/jbitzer\/reiseberichte\/kurzreise-zum-pilatus\/","title":{"rendered":"Kurzreise zum Pilatus"},"content":{"rendered":"<div class=\"article-content sc pp-img-protect-clicks\" data-role=\"content\">\n<p><em><strong><a href=\"http:\/\/www.naturfotografen-online.de\/jbitzer\/bildergalerien\/pilatus\/\">Zur Bildergalerie<\/a><\/strong><\/em><\/p>\n<p><strong><em>Z<\/em><\/strong>ur Einl\u00f6sung einer geschenkten Reise meines Sohnes zu meinem 80. Geburtstag fuhren wir zusammen an den Pilatus um dort Alpensteinb\u00f6cke zu fotografieren. Bei herrlichem Wetter startete ich in Kempten um ihn zuhause oberhalb des Z\u00fcrichsees zu treffen. Zu meiner \u00dcberraschung gelang es mir in der dortigen Mor\u00e4nenlandschaft einige Flugaufnahmen von Rot Milanen zu machen. So war schon\u00a0ein erfolgreicher Start dieses Ausfluges gelungen. Danach f\u00fchrte uns der Weg, bei weiterhin sch\u00f6nstem Wetter, \u00a0nach Alpnachstad an den Alpnacher See, angrenzend an den Vierwaldst\u00e4ttersee. Dort befindet sich in 431 mtr H\u00f6he \u00fcber dem Meer die Talstation der Zahnradbahn zum Gipfel des in 2095 mtr H\u00f6he gelegenen Pilatus. Mit der steilsten Zahnradbahn der Welt erlebten wir eine einmalige Fahrt \u00fcber Wiesen und durch Felsen bis zum Gipfel. Bei einer Steigung von 48 Prozent hatten wir herrliche Ausblicke auf den unter uns verschwindenden Alpnacher See und danach in die schroffen Abgr\u00fcnde des Bergmassivs des Pilatus. Diese Ausblicke alleine sollten mir unvergesslich bleiben. Unser erster Weg auf der Suche nach den Alpensteinb\u00f6cken f\u00fchrte uns auf dem in die Felsen geschlagenen H\u00f6henweg zum Tumlishorn mit 2132 mtr H\u00f6he, dem h\u00f6chsten Punkt des Pilatusmassives. In den sich abwechselnden Grasabh\u00e4ngen dorthin waren die Steinb\u00f6cke leider nicht zu sehen. Bei unserem R\u00fcckweg zum Kulmhotel sichteten wir in dem steilen Schottergebiet unterhalb des Hotels einige Jungtiere. Dies war f\u00fcr uns das Startzeichen um dorthin zirka 200 H\u00f6henmeter abzusteigen. Nach einer Querung unterhalb des obersten Zahnradbahntunnels bauten wir unsere Stative auf einer kleinen Grasplattform auf.\u00a0 Dies erschien uns die beste Stelle um die Steinb\u00f6cke in dem steilen Kar in den Felsen oberhalb unseres Standpunktes zu fotografieren. Wir genossen zwei bis drei Stunden lang\u00a0 diesen Anblick. Wir waren fasziniert von den Kletterk\u00fcnsten der Tiere. Dieses Erlebnis in dieser gro\u00dfartigen Bergwelt wird immer in meinem Ged\u00e4chtnis bleiben. Es gelangen uns einige der gew\u00fcnschten Bilder.<br \/>\nNach einer \u00dcbernachtung auf dem Berg, herrlichen Ausblicken in die Bergwelt des Berner Oberlandes und ins Tal nach Luzern haben wir am n\u00e4chsten Morgen den R\u00fcckweg nach Alpnachstad mit der Zahnradbahn angetreten. Bei wiederum strahlendem Sonnenschein freuten wir uns erneut auf die genussvollen Ausblicke aus der Bahn. Unsere Reise endete danach mit einem kurzen Besuch in Luzern am Vierwaldst\u00e4ttersee.<\/p>\n<p>Es waren zwei herrliche und genussvolle Tage mit einem herzlichen Dank an die Spenderfamilie.<\/p>\n<p>Genie\u00dft auch ihr die Bilder!<\/p>\n<p><em><strong><a href=\"http:\/\/www.naturfotografen-online.de\/jbitzer\/bildergalerien\/pilatus\/\">Zur Bildergalerie<\/a><\/strong><\/em><\/p>\n<\/div>\n","protected":false},"excerpt":{"rendered":"<p>Zur Bildergalerie Zur Einl\u00f6sung einer geschenkten Reise meines Sohnes zu meinem 80. Geburtstag fuhren wir zusammen an den Pilatus um dort Alpensteinb\u00f6cke zu fotografieren. Bei herrlichem Wetter startete ich in Kempten um ihn zuhause oberhalb des Z\u00fcrichsees zu treffen. Zu meiner \u00dcberraschung gelang es mir in der dortigen Mor\u00e4nenlandschaft einige Flugaufnahmen von Rot Milanen zu &hellip; <a href=\"https:\/\/www.naturfotografen-online.de\/jbitzer\/reiseberichte\/kurzreise-zum-pilatus\/\" class=\"more-link\"><span class=\"screen-reader-text\">Kurzreise zum Pilatus<\/span> weiterlesen <span class=\"meta-nav\">&rarr;<\/span><\/a><\/p>\n","protected":false},"author":2,"featured_media":0,"parent":110,"menu_order":0,"comment_status":"closed","ping_status":"closed","template":"page-templates\/full-width.php","meta":[],"_links":{"self":[{"href":"https:\/\/www.naturfotografen-online.de\/jbitzer\/wp-json\/wp\/v2\/pages\/126"}],"collection":[{"href":"https:\/\/www.naturfotografen-online.de\/jbitzer\/wp-json\/wp\/v2\/pages"}],"about":[{"href":"https:\/\/www.naturfotografen-online.de\/jbitzer\/wp-json\/wp\/v2\/types\/page"}],"author":[{"embeddable":true,"href":"https:\/\/www.naturfotografen-online.de\/jbitzer\/wp-json\/wp\/v2\/users\/2"}],"replies":[{"embeddable":true,"href":"https:\/\/www.naturfotografen-online.de\/jbitzer\/wp-json\/wp\/v2\/comments?post=126"}],"version-history":[{"count":7,"href":"https:\/\/www.naturfotografen-online.de\/jbitzer\/wp-json\/wp\/v2\/pages\/126\/revisions"}],"predecessor-version":[{"id":925,"href":"https:\/\/www.naturfotografen-online.de\/jbitzer\/wp-json\/wp\/v2\/pages\/126\/revisions\/925"}],"up":[{"embeddable":true,"href":"https:\/\/www.naturfotografen-online.de\/jbitzer\/wp-json\/wp\/v2\/pages\/110"}],"wp:attachment":[{"href":"https:\/\/www.naturfotografen-online.de\/jbitzer\/wp-json\/wp\/v2\/media?parent=126"}],"curies":[{"name":"wp","href":"https:\/\/api.w.org\/{rel}","templated":true}]}}