{"id":2173,"date":"2016-07-13T19:11:14","date_gmt":"2016-07-13T17:11:14","guid":{"rendered":"http:\/\/www.naturfotografen-online.de\/jbitzer\/?page_id=2173"},"modified":"2016-08-28T11:41:29","modified_gmt":"2016-08-28T09:41:29","slug":"donaudelta-rumaenien","status":"publish","type":"page","link":"https:\/\/www.naturfotografen-online.de\/jbitzer\/bildergalerien\/reiseziele\/donaudelta-rumaenien\/","title":{"rendered":"Rum\u00e4nien-Donaudelta"},"content":{"rendered":"<p><em><strong>Folgende Motive konnte ich in Rum\u00e4nien fotografieren<\/strong><\/em><\/p>\n<table>\n<tbody>\n<tr>\n<td>\n<ul>\n<li><a href=\"http:\/\/www.naturfotografen-online.de\/jbitzer\/bildergalerien\/reiseziele\/donaudelta-rumaenien\/bienenfresser\/\"><em>Bienenfresser<\/em><\/a><\/li>\n<li><em><a href=\"http:\/\/www.naturfotografen-online.de\/jbitzer\/bildergalerien\/reiseziele\/donaudelta-rumaenien\/blauracke\/\">Blauracke<\/a><\/em><\/li>\n<li><a href=\"http:\/\/www.naturfotografen-online.de\/jbitzer\/bildergalerien\/reiseziele\/donaudelta-rumaenien\/landschaften\/\"><em>Landschaften, Dobrudscha und Donaudelta<\/em><\/a><\/li>\n<li><a href=\"http:\/\/www.naturfotografen-online.de\/jbitzer\/bildergalerien\/reiseziele\/donaudelta-rumaenien\/nachtreiher\/\"><em>Nachtreiher<\/em><\/a><\/li>\n<li><em><a href=\"http:\/\/www.naturfotografen-online.de\/jbitzer\/bildergalerien\/reiseziele\/donaudelta-rumaenien\/rallenreiher\/\">Rallenreiher<\/a><\/em><\/li>\n<li><em><a href=\"http:\/\/www.naturfotografen-online.de\/jbitzer\/bildergalerien\/reiseziele\/donaudelta-rumaenien\/rosapelikan\/\">Rosapelikan<\/a><\/em><\/li>\n<li><a href=\"http:\/\/www.naturfotografen-online.de\/jbitzer\/bildergalerien\/reiseziele\/donaudelta-rumaenien\/steinschmaetzer\/\"><em>Steinschm\u00e4tzer<\/em><\/a><\/li>\n<li><a href=\"http:\/\/www.naturfotografen-online.de\/jbitzer\/bildergalerien\/reiseziele\/donaudelta-rumaenien\/verschiedene-singvoegel\/\"><em>Verschiedene Singv\u00f6gel<\/em><\/a><\/li>\n<li><a href=\"http:\/\/www.naturfotografen-online.de\/jbitzer\/bildergalerien\/reiseziele\/donaudelta-rumaenien\/wiedehopf\/\"><em>Wiedehopf<\/em><\/a><\/li>\n<\/ul>\n<\/td>\n<\/tr>\n<tr>\n<td>Weitere Bildergalerien demn\u00e4chst<\/td>\n<\/tr>\n<\/tbody>\n<\/table>\n<p>&nbsp;<\/p>\n","protected":false},"excerpt":{"rendered":"<p>Folgende Motive konnte ich in Rum\u00e4nien fotografieren Bienenfresser Blauracke Landschaften, Dobrudscha und Donaudelta Nachtreiher Rallenreiher Rosapelikan Steinschm\u00e4tzer Verschiedene Singv\u00f6gel Wiedehopf Weitere Bildergalerien demn\u00e4chst &nbsp;<\/p>\n","protected":false},"author":2,"featured_media":0,"parent":1080,"menu_order":0,"comment_status":"closed","ping_status":"closed","template":"page-templates\/full-width.php","meta":[],"_links":{"self":[{"href":"https:\/\/www.naturfotografen-online.de\/jbitzer\/wp-json\/wp\/v2\/pages\/2173"}],"collection":[{"href":"https:\/\/www.naturfotografen-online.de\/jbitzer\/wp-json\/wp\/v2\/pages"}],"about":[{"href":"https:\/\/www.naturfotografen-online.de\/jbitzer\/wp-json\/wp\/v2\/types\/page"}],"author":[{"embeddable":true,"href":"https:\/\/www.naturfotografen-online.de\/jbitzer\/wp-json\/wp\/v2\/users\/2"}],"replies":[{"embeddable":true,"href":"https:\/\/www.naturfotografen-online.de\/jbitzer\/wp-json\/wp\/v2\/comments?post=2173"}],"version-history":[{"count":17,"href":"https:\/\/www.naturfotografen-online.de\/jbitzer\/wp-json\/wp\/v2\/pages\/2173\/revisions"}],"predecessor-version":[{"id":2717,"href":"https:\/\/www.naturfotografen-online.de\/jbitzer\/wp-json\/wp\/v2\/pages\/2173\/revisions\/2717"}],"up":[{"embeddable":true,"href":"https:\/\/www.naturfotografen-online.de\/jbitzer\/wp-json\/wp\/v2\/pages\/1080"}],"wp:attachment":[{"href":"https:\/\/www.naturfotografen-online.de\/jbitzer\/wp-json\/wp\/v2\/media?parent=2173"}],"curies":[{"name":"wp","href":"https:\/\/api.w.org\/{rel}","templated":true}]}}