{"id":2252,"date":"2016-07-17T21:02:37","date_gmt":"2016-07-17T19:02:37","guid":{"rendered":"http:\/\/www.naturfotografen-online.de\/jbitzer\/?page_id=2252"},"modified":"2016-07-17T21:02:37","modified_gmt":"2016-07-17T19:02:37","slug":"landschaften","status":"publish","type":"page","link":"https:\/\/www.naturfotografen-online.de\/jbitzer\/bildergalerien\/reiseziele\/donaudelta-rumaenien\/landschaften\/","title":{"rendered":"Landschaften"},"content":{"rendered":"\n\t\t<div id='gallery-1' class='gallery galleryid-2252 gallery-columns-5 gallery-size-thumbnail gallery1'><script type=\"text\/javascript\">\r\n\/\/ <![CDATA[\r\n\tjQuery(document).ready(function () {\r\n\t\tjQuery(\".gallery1 a\").attr(\"rel\",\"gallery1\");\t\r\n\t\tjQuery('a[rel=\"gallery1\"]').colorbox({maxWidth:\"95%\", maxHeight:\"95%\",title: function(){ return jQuery(this).children().attr(\"alt\"); }, });\r\n\t});\r\n\/\/ ]]>\r\n<\/script>\n<figure class=\"gallery-item\">\n<div class=\"gallery-icon\">\r\n<a href=\"https:\/\/www.naturfotografen-online.de\/jbitzer\/wp-content\/uploads\/2016\/07\/rumaenien-1600264-jb.jpg\" title=\"Karpatengebirge bei Brasov, Rum\u00e4nien\" rel=\"gallery1\"><img src=\"https:\/\/www.naturfotografen-online.de\/jbitzer\/wp-content\/uploads\/2016\/07\/rumaenien-1600264-jb-150x150.jpg\" width=\"120\" height=\"120\" alt=\"Karpatengebirge bei Brasov, Rum\u00e4nien\" \/><\/a>\r\n<\/div><figcaption class=\"gallery-caption\" id=\"caption2253\"><span class=\"imagecaption\">Karpatengebirge bei Brasov, Rum\u00e4nien<\/span><br \/>\n<\/figcaption><\/figure><figure class=\"gallery-item\">\n<div class=\"gallery-icon\">\r\n<a href=\"https:\/\/www.naturfotografen-online.de\/jbitzer\/wp-content\/uploads\/2016\/07\/rumaenien-1600266-jb.jpg\" title=\"Dracula Schloss, Bran bei Brasov, Rum\u00e4nien\" rel=\"gallery1\"><img src=\"https:\/\/www.naturfotografen-online.de\/jbitzer\/wp-content\/uploads\/2016\/07\/rumaenien-1600266-jb-150x150.jpg\" width=\"120\" height=\"120\" alt=\"Dracula Schloss, Bran bei Brasov, Rum\u00e4nien\" \/><\/a>\r\n<\/div><figcaption class=\"gallery-caption\" id=\"caption2254\"><span class=\"imagecaption\">Dracula Schloss, Bran bei Brasov, Rum\u00e4nien<\/span><br \/>\n<\/figcaption><\/figure><figure class=\"gallery-item\">\n<div class=\"gallery-icon\">\r\n<a href=\"https:\/\/www.naturfotografen-online.de\/jbitzer\/wp-content\/uploads\/2016\/07\/rumaenien-1600269-jb.jpg\" title=\"Rum\u00e4nien, Sandwand\" rel=\"gallery1\"><img src=\"https:\/\/www.naturfotografen-online.de\/jbitzer\/wp-content\/uploads\/2016\/07\/rumaenien-1600269-jb-150x150.jpg\" width=\"120\" height=\"120\" alt=\"Rum\u00e4nien, Sandwand\" \/><\/a>\r\n<\/div><figcaption class=\"gallery-caption\" id=\"caption2255\"><span class=\"imagecaption\">Rum\u00e4nien, Sandwand<\/span><br \/>\n<\/figcaption><\/figure><figure class=\"gallery-item\">\n<div class=\"gallery-icon\">\r\n<a href=\"https:\/\/www.naturfotografen-online.de\/jbitzer\/wp-content\/uploads\/2016\/07\/rumaenien-1600270-jb.jpg\" title=\"Rum\u00e4nien, Sandwand\" rel=\"gallery1\"><img src=\"https:\/\/www.naturfotografen-online.de\/jbitzer\/wp-content\/uploads\/2016\/07\/rumaenien-1600270-jb-150x150.jpg\" width=\"120\" height=\"120\" alt=\"Rum\u00e4nien, Sandwand\" \/><\/a>\r\n<\/div><figcaption class=\"gallery-caption\" id=\"caption2256\"><span class=\"imagecaption\">Rum\u00e4nien, Sandwand<\/span><br \/>\n<\/figcaption><\/figure><figure class=\"gallery-item\">\n<div class=\"gallery-icon\">\r\n<a href=\"https:\/\/www.naturfotografen-online.de\/jbitzer\/wp-content\/uploads\/2016\/07\/rumaenien-1600309-jb.jpg\" title=\"Rum\u00e4nien-Donaudelta bei Baltenii de Sus\" rel=\"gallery1\"><img src=\"https:\/\/www.naturfotografen-online.de\/jbitzer\/wp-content\/uploads\/2016\/07\/rumaenien-1600309-jb-150x150.jpg\" width=\"120\" height=\"120\" alt=\"Rum\u00e4nien-Donaudelta bei Baltenii de Sus\" \/><\/a>\r\n<\/div><figcaption class=\"gallery-caption\" id=\"caption2257\"><span class=\"imagecaption\">Rum\u00e4nien-Donaudelta bei Baltenii de Sus<\/span><br \/>\n<\/figcaption><\/figure><figure class=\"gallery-item\">\n<div class=\"gallery-icon\">\r\n<a href=\"https:\/\/www.naturfotografen-online.de\/jbitzer\/wp-content\/uploads\/2016\/07\/rumaenien-1600312-jb.jpg\" title=\"Rum\u00e4nien-Donaudelta bei Baltenii de Sus\" rel=\"gallery1\"><img src=\"https:\/\/www.naturfotografen-online.de\/jbitzer\/wp-content\/uploads\/2016\/07\/rumaenien-1600312-jb-150x150.jpg\" width=\"120\" height=\"120\" alt=\"Rum\u00e4nien-Donaudelta bei Baltenii de Sus\" \/><\/a>\r\n<\/div><figcaption class=\"gallery-caption\" id=\"caption2258\"><span class=\"imagecaption\">Rum\u00e4nien-Donaudelta bei Baltenii de Sus<\/span><br \/>\n<\/figcaption><\/figure><figure class=\"gallery-item\">\n<div class=\"gallery-icon\">\r\n<a href=\"https:\/\/www.naturfotografen-online.de\/jbitzer\/wp-content\/uploads\/2016\/07\/rumaenien-1600351-jb.jpg\" title=\"Rum\u00e4nien-Landschaft bei Murighiol\" rel=\"gallery1\"><img src=\"https:\/\/www.naturfotografen-online.de\/jbitzer\/wp-content\/uploads\/2016\/07\/rumaenien-1600351-jb-150x150.jpg\" width=\"120\" height=\"120\" alt=\"Rum\u00e4nien-Landschaft bei Murighiol\" \/><\/a>\r\n<\/div><figcaption class=\"gallery-caption\" id=\"caption2259\"><span class=\"imagecaption\">Rum\u00e4nien-Landschaft bei Murighiol<\/span><br \/>\n<\/figcaption><\/figure><figure class=\"gallery-item\">\n<div class=\"gallery-icon\">\r\n<a href=\"https:\/\/www.naturfotografen-online.de\/jbitzer\/wp-content\/uploads\/2016\/07\/rumaenien-1600391-jb.jpg\" title=\"Burg von Enisala, Rum\u00e4nien\" rel=\"gallery1\"><img src=\"https:\/\/www.naturfotografen-online.de\/jbitzer\/wp-content\/uploads\/2016\/07\/rumaenien-1600391-jb-150x150.jpg\" width=\"120\" height=\"120\" alt=\"Burg von Enisala, Rum\u00e4nien\" \/><\/a>\r\n<\/div><figcaption class=\"gallery-caption\" id=\"caption2260\"><span class=\"imagecaption\">Burg von Enisala, Rum\u00e4nien<\/span><br \/>\n<\/figcaption><\/figure><figure class=\"gallery-item\">\n<div class=\"gallery-icon\">\r\n<a href=\"https:\/\/www.naturfotografen-online.de\/jbitzer\/wp-content\/uploads\/2016\/07\/rumaenien-1600395-jb.jpg\" title=\"Burg von Enisala, Rum\u00e4nien\" rel=\"gallery1\"><img src=\"https:\/\/www.naturfotografen-online.de\/jbitzer\/wp-content\/uploads\/2016\/07\/rumaenien-1600395-jb-150x150.jpg\" width=\"120\" height=\"120\" alt=\"Burg von Enisala, Rum\u00e4nien\" \/><\/a>\r\n<\/div><figcaption class=\"gallery-caption\" id=\"caption2261\"><span class=\"imagecaption\">Burg von Enisala, Rum\u00e4nien<\/span><br \/>\n<\/figcaption><\/figure><figure class=\"gallery-item\">\n<div class=\"gallery-icon\">\r\n<a href=\"https:\/\/www.naturfotografen-online.de\/jbitzer\/wp-content\/uploads\/2016\/07\/rumaenien-1600435-jb.jpg\" title=\"Donaudelta, Hafen von Murighiol\" rel=\"gallery1\"><img src=\"https:\/\/www.naturfotografen-online.de\/jbitzer\/wp-content\/uploads\/2016\/07\/rumaenien-1600435-jb-150x150.jpg\" width=\"120\" height=\"120\" alt=\"Donaudelta, Hafen von Murighiol\" \/><\/a>\r\n<\/div><figcaption class=\"gallery-caption\" id=\"caption2262\"><span class=\"imagecaption\">Donaudelta, Hafen von Murighiol<\/span><br \/>\n<\/figcaption><\/figure><figure class=\"gallery-item\">\n<div class=\"gallery-icon\">\r\n<a href=\"https:\/\/www.naturfotografen-online.de\/jbitzer\/wp-content\/uploads\/2016\/07\/rumaenien-1600438-jb.jpg\" title=\"Landschaft im Donaudelta, Rum\u00e4nien\" rel=\"gallery1\"><img src=\"https:\/\/www.naturfotografen-online.de\/jbitzer\/wp-content\/uploads\/2016\/07\/rumaenien-1600438-jb-150x150.jpg\" width=\"120\" height=\"120\" alt=\"Donaudelta in Rum\u00e4nien\" \/><\/a>\r\n<\/div><figcaption class=\"gallery-caption\" id=\"caption2263\"><span class=\"imagecaption\">Landschaft im Donaudelta, Rum\u00e4nien<\/span><br \/>\n<\/figcaption><\/figure><figure class=\"gallery-item\">\n<div class=\"gallery-icon\">\r\n<a href=\"https:\/\/www.naturfotografen-online.de\/jbitzer\/wp-content\/uploads\/2016\/07\/rumaenien-1600442-jb.jpg\" title=\"Landschaft im Donaudelta, Rum\u00e4nien\" rel=\"gallery1\"><img src=\"https:\/\/www.naturfotografen-online.de\/jbitzer\/wp-content\/uploads\/2016\/07\/rumaenien-1600442-jb-150x150.jpg\" width=\"120\" height=\"120\" alt=\"Donaudelta in Rum\u00e4nien\" \/><\/a>\r\n<\/div><figcaption class=\"gallery-caption\" id=\"caption2264\"><span class=\"imagecaption\">Landschaft im Donaudelta, Rum\u00e4nien<\/span><br \/>\n<\/figcaption><\/figure><figure class=\"gallery-item\">\n<div class=\"gallery-icon\">\r\n<a href=\"https:\/\/www.naturfotografen-online.de\/jbitzer\/wp-content\/uploads\/2016\/07\/rumaenien-1600444-jb.jpg\" title=\"Landschaft im Donaudelta, Rum\u00e4nien\" rel=\"gallery1\"><img src=\"https:\/\/www.naturfotografen-online.de\/jbitzer\/wp-content\/uploads\/2016\/07\/rumaenien-1600444-jb-150x150.jpg\" width=\"120\" height=\"120\" alt=\"Donaudelta in Rum\u00e4nien\" \/><\/a>\r\n<\/div><figcaption class=\"gallery-caption\" id=\"caption2265\"><span class=\"imagecaption\">Landschaft im Donaudelta, Rum\u00e4nien<\/span><br \/>\n<\/figcaption><\/figure><figure class=\"gallery-item\">\n<div class=\"gallery-icon\">\r\n<a href=\"https:\/\/www.naturfotografen-online.de\/jbitzer\/wp-content\/uploads\/2016\/07\/rumaenien-1600449-jb.jpg\" title=\"Landschaft im Donaudelta, Rum\u00e4nien\" rel=\"gallery1\"><img src=\"https:\/\/www.naturfotografen-online.de\/jbitzer\/wp-content\/uploads\/2016\/07\/rumaenien-1600449-jb-150x150.jpg\" width=\"120\" height=\"120\" alt=\"Donaudelta in Rum\u00e4nien\" \/><\/a>\r\n<\/div><figcaption class=\"gallery-caption\" id=\"caption2266\"><span class=\"imagecaption\">Landschaft im Donaudelta, Rum\u00e4nien<\/span><br \/>\n<\/figcaption><\/figure><figure class=\"gallery-item\">\n<div class=\"gallery-icon\">\r\n<a href=\"https:\/\/www.naturfotografen-online.de\/jbitzer\/wp-content\/uploads\/2016\/07\/rumaenien-1600480-jb.jpg\" title=\"Donaudelta in Rum\u00e4nien\" rel=\"gallery1\"><img src=\"https:\/\/www.naturfotografen-online.de\/jbitzer\/wp-content\/uploads\/2016\/07\/rumaenien-1600480-jb-150x150.jpg\" width=\"120\" height=\"120\" alt=\"Donaudelta in Rum\u00e4nien\" \/><\/a>\r\n<\/div><figcaption class=\"gallery-caption\" id=\"caption2267\"><span class=\"imagecaption\">Donaudelta in Rum\u00e4nien<\/span><br \/>\n<\/figcaption><\/figure><figure class=\"gallery-item\">\n<div class=\"gallery-icon\">\r\n<a href=\"https:\/\/www.naturfotografen-online.de\/jbitzer\/wp-content\/uploads\/2016\/07\/rumaenien-1600500-jb.jpg\" title=\"Siedlung im Donaudelta, Rum\u00e4nien\" rel=\"gallery1\"><img src=\"https:\/\/www.naturfotografen-online.de\/jbitzer\/wp-content\/uploads\/2016\/07\/rumaenien-1600500-jb-150x150.jpg\" width=\"120\" height=\"120\" alt=\"Siedlung im Donaudelta, Rum\u00e4nien\" \/><\/a>\r\n<\/div><figcaption class=\"gallery-caption\" id=\"caption2268\"><span class=\"imagecaption\">Siedlung im Donaudelta, Rum\u00e4nien<\/span><br \/>\n<\/figcaption><\/figure><figure class=\"gallery-item\">\n<div class=\"gallery-icon\">\r\n<a href=\"https:\/\/www.naturfotografen-online.de\/jbitzer\/wp-content\/uploads\/2016\/07\/rumaenien-1600501-jb.jpg\" title=\"Siedlung im Donaudelta, Rum\u00e4nien\" rel=\"gallery1\"><img src=\"https:\/\/www.naturfotografen-online.de\/jbitzer\/wp-content\/uploads\/2016\/07\/rumaenien-1600501-jb-150x150.jpg\" width=\"120\" height=\"120\" alt=\"Siedlung im Donaudelta, Rum\u00e4nien\" \/><\/a>\r\n<\/div><figcaption class=\"gallery-caption\" id=\"caption2269\"><span class=\"imagecaption\">Siedlung im Donaudelta, Rum\u00e4nien<\/span><br \/>\n<\/figcaption><\/figure><figure class=\"gallery-item\">\n<div class=\"gallery-icon\">\r\n<a href=\"https:\/\/www.naturfotografen-online.de\/jbitzer\/wp-content\/uploads\/2016\/07\/rumaenien-1600534-jb.jpg\" title=\"Donaudelta in Rum\u00e4nien\" rel=\"gallery1\"><img src=\"https:\/\/www.naturfotografen-online.de\/jbitzer\/wp-content\/uploads\/2016\/07\/rumaenien-1600534-jb-150x150.jpg\" width=\"120\" height=\"120\" alt=\"Donaudelta in Rum\u00e4nien\" \/><\/a>\r\n<\/div><figcaption class=\"gallery-caption\" id=\"caption2270\"><span class=\"imagecaption\">Donaudelta in Rum\u00e4nien<\/span><br \/>\n<\/figcaption><\/figure><figure class=\"gallery-item\">\n<div class=\"gallery-icon\">\r\n<a href=\"https:\/\/www.naturfotografen-online.de\/jbitzer\/wp-content\/uploads\/2016\/07\/rumaenien-1600539-jb.jpg\" title=\"Donaudelta in Rum\u00e4nien\" rel=\"gallery1\"><img src=\"https:\/\/www.naturfotografen-online.de\/jbitzer\/wp-content\/uploads\/2016\/07\/rumaenien-1600539-jb-150x150.jpg\" width=\"120\" height=\"120\" alt=\"Donaudelta in Rum\u00e4nien\" \/><\/a>\r\n<\/div><figcaption class=\"gallery-caption\" id=\"caption2271\"><span class=\"imagecaption\">Donaudelta in Rum\u00e4nien<\/span><br \/>\n<\/figcaption><\/figure><figure class=\"gallery-item\">\n<div class=\"gallery-icon\">\r\n<a href=\"https:\/\/www.naturfotografen-online.de\/jbitzer\/wp-content\/uploads\/2016\/07\/rumaenien-1600774-jb.jpg\" title=\"F\u00fcnf H\u00fcgel von Bestepe, Rum\u00e4nien\" rel=\"gallery1\"><img src=\"https:\/\/www.naturfotografen-online.de\/jbitzer\/wp-content\/uploads\/2016\/07\/rumaenien-1600774-jb-150x150.jpg\" width=\"120\" height=\"120\" alt=\"F\u00fcnf H\u00fcgel von Bestepe, Rum\u00e4nien\" \/><\/a>\r\n<\/div><figcaption class=\"gallery-caption\" id=\"caption2272\"><span class=\"imagecaption\">F\u00fcnf H\u00fcgel von Bestepe, Rum\u00e4nien<\/span><br \/>\n<\/figcaption><\/figure>\r\n\t\t<\/div>\n\n","protected":false},"excerpt":{"rendered":"","protected":false},"author":2,"featured_media":0,"parent":2173,"menu_order":0,"comment_status":"closed","ping_status":"closed","template":"page-templates\/full-width.php","meta":[],"_links":{"self":[{"href":"https:\/\/www.naturfotografen-online.de\/jbitzer\/wp-json\/wp\/v2\/pages\/2252"}],"collection":[{"href":"https:\/\/www.naturfotografen-online.de\/jbitzer\/wp-json\/wp\/v2\/pages"}],"about":[{"href":"https:\/\/www.naturfotografen-online.de\/jbitzer\/wp-json\/wp\/v2\/types\/page"}],"author":[{"embeddable":true,"href":"https:\/\/www.naturfotografen-online.de\/jbitzer\/wp-json\/wp\/v2\/users\/2"}],"replies":[{"embeddable":true,"href":"https:\/\/www.naturfotografen-online.de\/jbitzer\/wp-json\/wp\/v2\/comments?post=2252"}],"version-history":[{"count":1,"href":"https:\/\/www.naturfotografen-online.de\/jbitzer\/wp-json\/wp\/v2\/pages\/2252\/revisions"}],"predecessor-version":[{"id":2273,"href":"https:\/\/www.naturfotografen-online.de\/jbitzer\/wp-json\/wp\/v2\/pages\/2252\/revisions\/2273"}],"up":[{"embeddable":true,"href":"https:\/\/www.naturfotografen-online.de\/jbitzer\/wp-json\/wp\/v2\/pages\/2173"}],"wp:attachment":[{"href":"https:\/\/www.naturfotografen-online.de\/jbitzer\/wp-json\/wp\/v2\/media?parent=2252"}],"curies":[{"name":"wp","href":"https:\/\/api.w.org\/{rel}","templated":true}]}}