{"id":7696,"date":"2026-04-30T15:50:02","date_gmt":"2026-04-30T13:50:02","guid":{"rendered":"https:\/\/www.naturfotografen-online.de\/jbitzer\/?page_id=7696"},"modified":"2026-04-30T15:50:02","modified_gmt":"2026-04-30T13:50:02","slug":"mai-2026","status":"publish","type":"page","link":"https:\/\/www.naturfotografen-online.de\/jbitzer\/monatsbilder\/mai-2026\/","title":{"rendered":"Mai 2026"},"content":{"rendered":"<p>Ein erfolgreicher Jagderfolg in der Savanne: Die T\u00fcpfelhy\u00e4ne hat Beute gemacht und sich ihre Mahlzeit verdient. Mit kr\u00e4ftigen Kiefern und einem ausgepr\u00e4gten Sozialverhalten z\u00e4hlt sie zu den faszinierendsten \u00dcberlebensk\u00fcnstlern Afrikas.<br \/>\nDas Bild zeigt mehr als nur einen Moment des Erfolgs &#8211; es erz\u00e4hlt vom \u00dcberleben, Anpassung und komplexem sozialen Leben einer oft missverstandenen Art.<\/p>\n<figure id=\"attachment_7697\" aria-describedby=\"caption-attachment-7697\" style=\"width: 2560px\" class=\"wp-caption alignnone\"><img decoding=\"async\" loading=\"lazy\" class=\"size-full wp-image-7697\" src=\"https:\/\/www.naturfotografen-online.de\/jbitzer\/wp-content\/uploads\/2026\/04\/2011_Afrika_Kenia_Masai_Mara_00085-scaled.jpg\" alt=\"\" width=\"2560\" height=\"1707\" srcset=\"https:\/\/www.naturfotografen-online.de\/jbitzer\/wp-content\/uploads\/2026\/04\/2011_Afrika_Kenia_Masai_Mara_00085-scaled.jpg 2560w, https:\/\/www.naturfotografen-online.de\/jbitzer\/wp-content\/uploads\/2026\/04\/2011_Afrika_Kenia_Masai_Mara_00085-768x512.jpg 768w, https:\/\/www.naturfotografen-online.de\/jbitzer\/wp-content\/uploads\/2026\/04\/2011_Afrika_Kenia_Masai_Mara_00085-1536x1024.jpg 1536w, https:\/\/www.naturfotografen-online.de\/jbitzer\/wp-content\/uploads\/2026\/04\/2011_Afrika_Kenia_Masai_Mara_00085-2048x1365.jpg 2048w\" sizes=\"(max-width: 2560px) 100vw, 2560px\" \/><figcaption id=\"caption-attachment-7697\" class=\"wp-caption-text\">T\u00fcpfelhy\u00e4ne (Crocuta crocuta)<\/figcaption><\/figure>\n","protected":false},"excerpt":{"rendered":"<p>Ein erfolgreicher Jagderfolg in der Savanne: Die T\u00fcpfelhy\u00e4ne hat Beute gemacht und sich ihre Mahlzeit verdient. Mit kr\u00e4ftigen Kiefern und einem ausgepr\u00e4gten Sozialverhalten z\u00e4hlt sie zu den faszinierendsten \u00dcberlebensk\u00fcnstlern Afrikas. Das Bild zeigt mehr als nur einen Moment des Erfolgs &#8211; es erz\u00e4hlt vom \u00dcberleben, Anpassung und komplexem sozialen Leben einer oft missverstandenen Art.<\/p>\n","protected":false},"author":2,"featured_media":0,"parent":3779,"menu_order":0,"comment_status":"closed","ping_status":"closed","template":"page-templates\/full-width.php","meta":[],"_links":{"self":[{"href":"https:\/\/www.naturfotografen-online.de\/jbitzer\/wp-json\/wp\/v2\/pages\/7696"}],"collection":[{"href":"https:\/\/www.naturfotografen-online.de\/jbitzer\/wp-json\/wp\/v2\/pages"}],"about":[{"href":"https:\/\/www.naturfotografen-online.de\/jbitzer\/wp-json\/wp\/v2\/types\/page"}],"author":[{"embeddable":true,"href":"https:\/\/www.naturfotografen-online.de\/jbitzer\/wp-json\/wp\/v2\/users\/2"}],"replies":[{"embeddable":true,"href":"https:\/\/www.naturfotografen-online.de\/jbitzer\/wp-json\/wp\/v2\/comments?post=7696"}],"version-history":[{"count":1,"href":"https:\/\/www.naturfotografen-online.de\/jbitzer\/wp-json\/wp\/v2\/pages\/7696\/revisions"}],"predecessor-version":[{"id":7698,"href":"https:\/\/www.naturfotografen-online.de\/jbitzer\/wp-json\/wp\/v2\/pages\/7696\/revisions\/7698"}],"up":[{"embeddable":true,"href":"https:\/\/www.naturfotografen-online.de\/jbitzer\/wp-json\/wp\/v2\/pages\/3779"}],"wp:attachment":[{"href":"https:\/\/www.naturfotografen-online.de\/jbitzer\/wp-json\/wp\/v2\/media?parent=7696"}],"curies":[{"name":"wp","href":"https:\/\/api.w.org\/{rel}","templated":true}]}}