{"id":982,"date":"2016-02-03T21:15:52","date_gmt":"2016-02-03T20:15:52","guid":{"rendered":"http:\/\/www.naturfotografen-online.de\/jbitzer\/?page_id=982"},"modified":"2016-02-06T17:02:10","modified_gmt":"2016-02-06T16:02:10","slug":"florida-reise","status":"publish","type":"page","link":"https:\/\/www.naturfotografen-online.de\/jbitzer\/reiseberichte\/florida-reise\/","title":{"rendered":"Florida-Reise"},"content":{"rendered":"<p><strong><em><a href=\"http:\/\/www.naturfotografen-online.de\/jbitzer\/bildergalerien\/florida\/\">Zur Bildergalerie<\/a><\/em><\/strong><\/p>\n<p>Am Dienstag, den 10 M\u00e4rz 2009 sind wir nach einem langen Flug von M\u00fcnchen in Miami gelandet. Nach der anschlie\u00dfenden Anmietung eines Fahrzeuges\u00a0 waren wir \u00fcberm\u00fcdet und\u00a0 deshalb froh, dass\u00a0 wir eine Nacht zum Ausruhen vor uns hatten.<br \/>\nAm ersten Tag unserer Vogelreise machten wir uns\u00a0 auf den Weg zu den Florida\u00a0 Key West-Inseln. Die\u00a0 vielen Verbindungsbr\u00fccken zwischen den einzelnen Inseln waren beeindruckend.\u00a0 Immer wieder waren wir von den herrlichen Ausblicken auf das Meer fasziniert. Unser\u00a0 Ziel\u00a0 am Ende der Florida Keys &#8211; Inselkette\u00a0 war die Inselgruppe der Dry Tortugas\u00a0 mit dem\u00a0 dortigen Dry \u2013Tortugas-Nationalpark\u00a0 Der Park liegt \u00a0113 km westlich von Key West mit\u00a0 einer Fl\u00e4che von 262 qkm. Er umfasst sieben\u00a0 winzige Sand- und Koralleninseln. Auf einer der nur mit\u00a0 Booten\u00a0 erreichbaren Inseln liegt die Festung Fort Jefferson. Aufgrund ihrer Abgeschiedenheit\u00a0 findet man dort Nistpl\u00e4tze der Prachtfregattv\u00f6gel und von Seeschwalben.<br \/>\nNach dieser Expedition ging es wieder zur\u00fcck \u00fcber die\u00a0 Key-West- Inselkette\u00a0 in den Everglades\u00a0 National Park und\u00a0 in das\u00a0 n\u00f6rdlich angrenzende\u00a0 Big Cypress National Reserve, welches \u00a0etwas erh\u00f6ht mit zahlreichen Sumpfzypressen \u00a0im subtropischen Florida liegt.<br \/>\nDort \u00fcberraschten uns die Keilschwanzregenpfeiffer.<br \/>\nDie Everglades sind nicht nur als Sumpfgebiet zu sehen, sie\u00a0 sind vielmehr eine Pr\u00e4rie, die den \u00fcberwiegenden Teil des Jahres \u00fcberschwemmt ist. Der Nationalpark liegt im s\u00fcdlichen Teil.\u00a0 Im Park findet man eine Reihe ausgebauter Wege, von welchen die Tiere beobachtet werden k\u00f6nnen. Angetan hat es\u00a0 uns, dank seinem\u00a0 Tierreichtum,\u00a0 das Shark Valley und der Anhinga Trail., wo wir Schlangenhalsv\u00f6gel (Anhingas),\u00a0 verschiedene Reiher, Kormorane, Ibisse, Alligatoren,\u00a0 Fischadler, Pelikane,\u00a0 Truthahngeier, Waldst\u00f6rche\u00a0 und Ohrenscharben zu sehen bekamen.<br \/>\nVon dort aus besuchten wir die\u00a0 am Golf von Mexico gelegenen\u00a0 Sanibel Island mit dem\u00a0 \u201eDing\u201c Darling National Wildlife Refuge.\u00a0\u00a0 Wir\u00a0 wurden wiederum von einer\u00a0 reichhaltigen Fauna begl\u00fcckt. Die Begegnung mit den\u00a0 Kaninchenk\u00e4uzen\u00a0 in Cape Coral war ein gro\u00dfes Erlebnis.<br \/>\nNach einem Besuch\u00a0 der Hutchinson Islands am Atlantik\u00a0 war unser n\u00e4chstes Augenmerk auf den beeindruckenden\u00a0 Audobon \u2013Corcsrew\u00a0 Swamp\u00a0 gerichtet. Eine Wanderung dort \u00fcber die angelegten Holzstege erm\u00f6glichte\u00a0 uns sch\u00f6ne Vogel- und\u00a0 Blumenbilder.<br \/>\nDanach\u00a0 freuten wir uns mit\u00a0 gro\u00dfer Erwartung\u00a0 auf das Merritt Island National Wildlife Refuge in der N\u00e4he von Cape Canaveral, der Raumfahrt- und Raketenabschussbasis\u00a0 der NASA. Der mehrt\u00e4gige Aufenthalt in diesem Gebiet n\u00f6rdlich von Titusville\u00a0 war ein weiterer H\u00f6hepunkt unserer Floridareise.<br \/>\nNeben einer Vielzahl an V\u00f6geln begegneten wir dort auch der Florida Manatee, einer Unterart der\u00a0 West Indian Manatee (Trichechus manatus) oder &#8222;Seekuh&#8220;. Sie\u00a0 ist\u00a0 das gr\u00f6\u00dfte \u00fcberlebende Mitglied der Wassers\u00e4ugetiere.\u00a0 Au\u00dferdem hatten wir das Gl\u00fcck\u00a0 das\u00a0 Armadillo G\u00fcrteltier zu sehen und zu fotografieren.<br \/>\nZum Abschluss unserer Reise waren wir &#8211; nach einer kurzen Visite der h\u00fcbschen Stadt\u00a0St. Augustine &#8211; noch ein paar Tage\u00a0 im\u00a0 Lake Woodruff\u00a0 National\u00a0 Wildlife Refuge. Dieses Gebiet ist ebenfalls frei zug\u00e4nglich und bietet sch\u00f6ne Wanderungen mit ausgiebigen\u00a0 Vogelbeobachtungen.<br \/>\nNeben den vielen V\u00f6geln\u00a0 und anderen Tieren haben wir uns\u00a0 auf der ganzen Reise vielfach auch\u00a0 an sch\u00f6nen Blumen\u00a0 und Pflanzen erfreut. Unsere Reise durch Florida\u00a0 war eine wundersch\u00f6ne Reise. Wir\u00a0 werden uns immer wieder an den sch\u00f6nen Bildern erfreuen und diese Zeit\u00a0 in inniger Erinnerung behalten.<br \/>\nDie Betrachter der Bilder m\u00f6gen\u00a0 diese Eindr\u00fccke zusammen mit uns\u00a0 nach Hause\u00a0 nehmen\u00a0\u00a0 !!!<\/p>\n","protected":false},"excerpt":{"rendered":"<p>Zur Bildergalerie Am Dienstag, den 10 M\u00e4rz 2009 sind wir nach einem langen Flug von M\u00fcnchen in Miami gelandet. Nach der anschlie\u00dfenden Anmietung eines Fahrzeuges\u00a0 waren wir \u00fcberm\u00fcdet und\u00a0 deshalb froh, dass\u00a0 wir eine Nacht zum Ausruhen vor uns hatten. Am ersten Tag unserer Vogelreise machten wir uns\u00a0 auf den Weg zu den Florida\u00a0 Key &hellip; <a href=\"https:\/\/www.naturfotografen-online.de\/jbitzer\/reiseberichte\/florida-reise\/\" class=\"more-link\"><span class=\"screen-reader-text\">Florida-Reise<\/span> weiterlesen <span class=\"meta-nav\">&rarr;<\/span><\/a><\/p>\n","protected":false},"author":2,"featured_media":0,"parent":110,"menu_order":0,"comment_status":"closed","ping_status":"closed","template":"page-templates\/full-width.php","meta":[],"_links":{"self":[{"href":"https:\/\/www.naturfotografen-online.de\/jbitzer\/wp-json\/wp\/v2\/pages\/982"}],"collection":[{"href":"https:\/\/www.naturfotografen-online.de\/jbitzer\/wp-json\/wp\/v2\/pages"}],"about":[{"href":"https:\/\/www.naturfotografen-online.de\/jbitzer\/wp-json\/wp\/v2\/types\/page"}],"author":[{"embeddable":true,"href":"https:\/\/www.naturfotografen-online.de\/jbitzer\/wp-json\/wp\/v2\/users\/2"}],"replies":[{"embeddable":true,"href":"https:\/\/www.naturfotografen-online.de\/jbitzer\/wp-json\/wp\/v2\/comments?post=982"}],"version-history":[{"count":6,"href":"https:\/\/www.naturfotografen-online.de\/jbitzer\/wp-json\/wp\/v2\/pages\/982\/revisions"}],"predecessor-version":[{"id":989,"href":"https:\/\/www.naturfotografen-online.de\/jbitzer\/wp-json\/wp\/v2\/pages\/982\/revisions\/989"}],"up":[{"embeddable":true,"href":"https:\/\/www.naturfotografen-online.de\/jbitzer\/wp-json\/wp\/v2\/pages\/110"}],"wp:attachment":[{"href":"https:\/\/www.naturfotografen-online.de\/jbitzer\/wp-json\/wp\/v2\/media?parent=982"}],"curies":[{"name":"wp","href":"https:\/\/api.w.org\/{rel}","templated":true}]}}