{"id":13488,"date":"2018-08-04T14:26:26","date_gmt":"2018-08-04T12:26:26","guid":{"rendered":"https:\/\/www.naturfotografen-online.de\/wp\/?page_id=13488"},"modified":"2018-08-31T16:51:32","modified_gmt":"2018-08-31T14:51:32","slug":"bilderausstellung","status":"publish","type":"page","link":"https:\/\/www.naturfotografen-online.de\/wp\/verschiedenes\/fotografieren\/bilderausstellung\/","title":{"rendered":"Bilderausstellung"},"content":{"rendered":"<p><span style=\"font-size: 14pt;\"><em><strong>Bilderausstellung in den R\u00e4umen vom B\u00fcrgerTreff in Kirchheim\/Teck<\/strong><\/em><\/span><\/p>\n<p><em><strong>Thema: Heimische Tierwelt\u00a0 rund um Kirchheim unter Teck<\/strong><\/em><\/p>\n<p>Vom 2. September bis zum 21. Dezember stelle ich einige meiner Bilder im Haus des B\u00fcrgerTreffs in den R\u00e4umen der Sammel-Tasse aus. Die Bilder werden in der Gr\u00f6\u00dfe 40&#215;60 cm und 50&#215;70 cm pr\u00e4sentiert.<\/p>\n<p>In der unten gezeigten Bildergalerie sind einige der insgesamt 32 ausgestellten Bilder zu sehen.<br \/>\nIn einem Buch mit 80 Seiten und \u00fcber 250 Bildern, pr\u00e4sentiere ich die Ausstellungsbilder zusammen mit einigenTipps zur Tierfotografie. <a href=\"https:\/\/www.naturfotografen-online.de\/wp\/verschiedenes\/fotografieren\/ausstellungsbuch\/\"><em><strong>Zur Buchbestellung<\/strong><\/em><\/a>.<\/p>\n\n\t\t<div id='gallery-1' class='gallery galleryid-13488 gallery-columns-7 gallery-size-thumbnail gallery1'><script type=\"text\/javascript\">\r\n\/\/ <![CDATA[\r\n\tjQuery(document).ready(function () {\r\n\t\tjQuery(\".gallery1 a\").attr(\"rel\",\"gallery1\");\t\r\n\t\tjQuery('a[rel=\"gallery1\"]').colorbox({maxWidth:\"95%\", maxHeight:\"95%\",title: function(){ return jQuery(this).children().attr(\"alt\"); }, });\r\n\t});\r\n\/\/ ]]>\r\n<\/script>\n\r\n\t\t\t<style type=\"text\/css\">\r\n\t\t\t\t#cboxCurrent { display:none !important; }\r\n\t\t\t<\/style>\n<figure class=\"gallery-item\">\n<div class=\"gallery-icon\">\r\n<a href=\"https:\/\/www.naturfotografen-online.de\/wp\/wp-content\/uploads\/2018\/08\/1705438.jpg\" title=\"Bild 01 - Alpenbock (Rosalia alpina)\" rel=\"gallery1\"><img loading=\"lazy\" decoding=\"async\" src=\"https:\/\/www.naturfotografen-online.de\/wp\/wp-content\/uploads\/2018\/08\/1705438-120x120.jpg\" width=\"120\" height=\"120\" alt=\"Alpenbock (Rosalia alpina)\" \/><\/a>\r\n<\/div><figcaption class=\"gallery-caption\" id=\"caption13520\"><span class=\"imagecaption\">Bild 01 - Alpenbock (Rosalia alpina)<\/span><br \/>\n<\/figcaption><\/figure><figure class=\"gallery-item\">\n<div class=\"gallery-icon\">\r\n<a href=\"https:\/\/www.naturfotografen-online.de\/wp\/wp-content\/uploads\/2018\/08\/1401477.jpg\" title=\"Bild 02 - Eisvogel (Alcedo atthis) M\u00e4nnchen\" rel=\"gallery1\"><img loading=\"lazy\" decoding=\"async\" src=\"https:\/\/www.naturfotografen-online.de\/wp\/wp-content\/uploads\/2018\/08\/1401477-120x120.jpg\" width=\"120\" height=\"120\" alt=\"Bild 02 - Eisvogel (Alcedo atthis) M\u00e4nnchen\" \/><\/a>\r\n<\/div><figcaption class=\"gallery-caption\" id=\"caption13508\"><span class=\"imagecaption\">Bild 02 - Eisvogel (Alcedo atthis) M\u00e4nnchen<\/span><br \/>\n<\/figcaption><\/figure><figure class=\"gallery-item\">\n<div class=\"gallery-icon\">\r\n<a href=\"https:\/\/www.naturfotografen-online.de\/wp\/wp-content\/uploads\/2018\/08\/1805134.jpg\" title=\"Bild 05 - Haus-Feldwespe (Polistes dominula) oder Gallische Feldwespe holt Wasser\" rel=\"gallery1\"><img loading=\"lazy\" decoding=\"async\" src=\"https:\/\/www.naturfotografen-online.de\/wp\/wp-content\/uploads\/2018\/08\/1805134-120x120.jpg\" width=\"120\" height=\"120\" alt=\"Bild 05 - Haus-Feldwespe (Polistes dominula) oder Gallische Feldwespe holt Wasser\" \/><\/a>\r\n<\/div><figcaption class=\"gallery-caption\" id=\"caption13531\"><span class=\"imagecaption\">Bild 05 - Haus-Feldwespe (Polistes dominula) oder Gallische Feldwespe holt Wasser<\/span><br \/>\n<\/figcaption><\/figure><figure class=\"gallery-item\">\n<div class=\"gallery-icon\">\r\n<a href=\"https:\/\/www.naturfotografen-online.de\/wp\/wp-content\/uploads\/2018\/08\/1804870.jpg\" title=\"Bild 09 - Goldene Acht (Colias hyale)\" rel=\"gallery1\"><img loading=\"lazy\" decoding=\"async\" src=\"https:\/\/www.naturfotografen-online.de\/wp\/wp-content\/uploads\/2018\/08\/1804870-120x120.jpg\" width=\"120\" height=\"120\" alt=\"Bild 09 - Goldene Acht (Colias hyale)\" \/><\/a>\r\n<\/div><figcaption class=\"gallery-caption\" id=\"caption13530\"><span class=\"imagecaption\">Bild 09 - Goldene Acht (Colias hyale)<\/span><br \/>\n<\/figcaption><\/figure><figure class=\"gallery-item\">\n<div class=\"gallery-icon\">\r\n<a href=\"https:\/\/www.naturfotografen-online.de\/wp\/wp-content\/uploads\/2018\/08\/1800939.jpg\" title=\"Bild 10 - Grasfr\u00f6sche (Rana temporaria) am Laichplatz\" rel=\"gallery1\"><img loading=\"lazy\" decoding=\"async\" src=\"https:\/\/www.naturfotografen-online.de\/wp\/wp-content\/uploads\/2018\/08\/1800939-120x120.jpg\" width=\"120\" height=\"120\" alt=\"Bild 10 - Grasfr\u00f6sche (Rana temporaria) am Laichplatz\" \/><\/a>\r\n<\/div><figcaption class=\"gallery-caption\" id=\"caption13521\"><span class=\"imagecaption\">Bild 10 - Grasfr\u00f6sche (Rana temporaria) am Laichplatz<\/span><br \/>\n<\/figcaption><\/figure><figure class=\"gallery-item\">\n<div class=\"gallery-icon\">\r\n<a href=\"https:\/\/www.naturfotografen-online.de\/wp\/wp-content\/uploads\/2018\/08\/234575.jpg\" title=\"Bild 12 - Hermelin (Mustela erminea) im Winterfell\" rel=\"gallery1\"><img loading=\"lazy\" decoding=\"async\" src=\"https:\/\/www.naturfotografen-online.de\/wp\/wp-content\/uploads\/2018\/08\/234575-120x120.jpg\" width=\"120\" height=\"120\" alt=\"Hermelin (Mustela erminea) im Winterfell\" \/><\/a>\r\n<\/div><figcaption class=\"gallery-caption\" id=\"caption13504\"><span class=\"imagecaption\">Bild 12 - Hermelin (Mustela erminea) im Winterfell<\/span><br \/>\n<\/figcaption><\/figure><figure class=\"gallery-item\">\n<div class=\"gallery-icon\">\r\n<a href=\"https:\/\/www.naturfotografen-online.de\/wp\/wp-content\/uploads\/2018\/08\/1308549.jpg\" title=\"Bild 15 - Neunt\u00f6ter (Lanius collurio) M\u00e4nnchen\" rel=\"gallery1\"><img loading=\"lazy\" decoding=\"async\" src=\"https:\/\/www.naturfotografen-online.de\/wp\/wp-content\/uploads\/2018\/08\/1308549-120x120.jpg\" width=\"120\" height=\"120\" alt=\"Neunt\u00f6ter (Lanius collurio) M\u00e4nnchen\" \/><\/a>\r\n<\/div><figcaption class=\"gallery-caption\" id=\"caption13506\"><span class=\"imagecaption\">Bild 15 - Neunt\u00f6ter (Lanius collurio) M\u00e4nnchen<\/span><br \/>\n<\/figcaption><\/figure><figure class=\"gallery-item\">\n<div class=\"gallery-icon\">\r\n<a href=\"https:\/\/www.naturfotografen-online.de\/wp\/wp-content\/uploads\/2018\/08\/1606688.jpg\" title=\"Bild 16 - Rehbock (Capreolus capreolus)\" rel=\"gallery1\"><img loading=\"lazy\" decoding=\"async\" src=\"https:\/\/www.naturfotografen-online.de\/wp\/wp-content\/uploads\/2018\/08\/1606688-120x120.jpg\" width=\"120\" height=\"120\" alt=\"Rehbock (Capreolus capreolus)\" \/><\/a>\r\n<\/div><figcaption class=\"gallery-caption\" id=\"caption13515\"><span class=\"imagecaption\">Bild 16 - Rehbock (Capreolus capreolus)<\/span><br \/>\n<\/figcaption><\/figure><figure class=\"gallery-item\">\n<div class=\"gallery-icon\">\r\n<a href=\"https:\/\/www.naturfotografen-online.de\/wp\/wp-content\/uploads\/2018\/08\/1601270.jpg\" title=\"Bild 18 - Rotkehlchen (Erithacus rubecula)\" rel=\"gallery1\"><img loading=\"lazy\" decoding=\"async\" src=\"https:\/\/www.naturfotografen-online.de\/wp\/wp-content\/uploads\/2018\/08\/1601270-120x120.jpg\" width=\"120\" height=\"120\" alt=\"Rotkehlchen (Erithacus rubecula)\" \/><\/a>\r\n<\/div><figcaption class=\"gallery-caption\" id=\"caption13514\"><span class=\"imagecaption\">Bild 18 - Rotkehlchen (Erithacus rubecula)<\/span><br \/>\n<\/figcaption><\/figure><figure class=\"gallery-item\">\n<div class=\"gallery-icon\">\r\n<a href=\"https:\/\/www.naturfotografen-online.de\/wp\/wp-content\/uploads\/2018\/08\/1403659.jpg\" title=\"Bild 19 - Libellen-Schmetterlingshaft (Libelloides coccajus)\" rel=\"gallery1\"><img loading=\"lazy\" decoding=\"async\" src=\"https:\/\/www.naturfotografen-online.de\/wp\/wp-content\/uploads\/2018\/08\/1403659-120x120.jpg\" width=\"120\" height=\"120\" alt=\"Bild 19 - Libellen-Schmetterlingshaft (Libelloides coccajus)\" \/><\/a>\r\n<\/div><figcaption class=\"gallery-caption\" id=\"caption13509\"><span class=\"imagecaption\">Bild 19 - Libellen-Schmetterlingshaft (Libelloides coccajus)<\/span><br \/>\n<\/figcaption><\/figure><figure class=\"gallery-item\">\n<div class=\"gallery-icon\">\r\n<a href=\"https:\/\/www.naturfotografen-online.de\/wp\/wp-content\/uploads\/2018\/08\/1801190.jpg\" title=\"Bild 21 - Schwanzmeise (Aegithalos caudatus)\" rel=\"gallery1\"><img loading=\"lazy\" decoding=\"async\" src=\"https:\/\/www.naturfotografen-online.de\/wp\/wp-content\/uploads\/2018\/08\/1801190-120x120.jpg\" width=\"120\" height=\"120\" alt=\"Bild 21 - Schwanzmeise (Aegithalos caudatus)\" \/><\/a>\r\n<\/div><figcaption class=\"gallery-caption\" id=\"caption13522\"><span class=\"imagecaption\">Bild 21 - Schwanzmeise (Aegithalos caudatus)<\/span><br \/>\n<\/figcaption><\/figure><figure class=\"gallery-item\">\n<div class=\"gallery-icon\">\r\n<a href=\"https:\/\/www.naturfotografen-online.de\/wp\/wp-content\/uploads\/2018\/08\/1404909.jpg\" title=\"Bild 23 - Steinkauz (Athene noctua) schaut aus seiner H\u00f6hle\" rel=\"gallery1\"><img loading=\"lazy\" decoding=\"async\" src=\"https:\/\/www.naturfotografen-online.de\/wp\/wp-content\/uploads\/2018\/08\/1404909-120x120.jpg\" width=\"120\" height=\"120\" alt=\"Bild 23 - Steinkauz (Athene noctua) schaut aus seiner H\u00f6hle\" \/><\/a>\r\n<\/div><figcaption class=\"gallery-caption\" id=\"caption13510\"><span class=\"imagecaption\">Bild 23 - Steinkauz (Athene noctua) schaut aus seiner H\u00f6hle<\/span><br \/>\n<\/figcaption><\/figure><figure class=\"gallery-item\">\n<div class=\"gallery-icon\">\r\n<a href=\"https:\/\/www.naturfotografen-online.de\/wp\/wp-content\/uploads\/2018\/08\/1704382.jpg\" title=\"Bild 25 - Turmfalke (Falco tinnunculus) Jungv\u00f6gel schauen aus Nistkasten\" rel=\"gallery1\"><img loading=\"lazy\" decoding=\"async\" src=\"https:\/\/www.naturfotografen-online.de\/wp\/wp-content\/uploads\/2018\/08\/1704382-120x120.jpg\" width=\"120\" height=\"120\" alt=\"Bild 25 - Turmfalke (Falco tinnunculus) Jungv\u00f6gel schauen aus Nistkasten\" \/><\/a>\r\n<\/div><figcaption class=\"gallery-caption\" id=\"caption13518\"><span class=\"imagecaption\">Bild 25 - Turmfalke (Falco tinnunculus) Jungv\u00f6gel schauen aus Nistkasten<\/span><br \/>\n<\/figcaption><\/figure><figure class=\"gallery-item\">\n<div class=\"gallery-icon\">\r\n<a href=\"https:\/\/www.naturfotografen-online.de\/wp\/wp-content\/uploads\/2018\/08\/231478.jpg\" title=\"Bild 28 - Wespenspinne (Argiope bruennichii)\" rel=\"gallery1\"><img loading=\"lazy\" decoding=\"async\" src=\"https:\/\/www.naturfotografen-online.de\/wp\/wp-content\/uploads\/2018\/08\/231478-120x120.jpg\" width=\"120\" height=\"120\" alt=\"Bild 28 - Wespenspinne (Argiope bruennichii)\" \/><\/a>\r\n<\/div><figcaption class=\"gallery-caption\" id=\"caption13503\"><span class=\"imagecaption\">Bild 28 - Wespenspinne (Argiope bruennichii)<\/span><br \/>\n<\/figcaption><\/figure>\r\n\t\t<\/div>\n\n<p><em><strong>Alle Bilder k\u00f6nnen als Fotoabzug in matter Ausf\u00fchrung in verschiedenen Gr\u00f6\u00dfen bestellt werden. Einfach die Bildnummer angeben.<br \/>\n<\/strong><\/em><a href=\"https:\/\/www.naturfotografen-online.de\/wp\/verschiedenes\/bilder-zum-direkten-bestellen\/\"><em><strong>Die Bildnummer finden Sie ganz einfach<\/strong><\/em><\/a>.<strong><em> Beim \u00fcberfahren eines Bildes mit der Maus oder in der Beschreibung des gro\u00dfen Bildes ist die Bildnummer zu sehen.<br \/>\n<\/em><\/strong><\/p>\n<p><em><strong>Bei Bestellungen bitte das <a href=\"https:\/\/www.naturfotografen-online.de\/wp\/verschiedenes\/bildbestellungen\/\">Bestellformular<\/a> verwenden.<br \/>\n<\/strong><\/em><\/p>\n<p><em><strong>Preise:<\/strong> (zuz\u00fcgl. Versandkosten)<\/em><br \/>\n30&#215;45 cm &#8211; 16.- \u20ac<br \/>\n40&#215;60 cm &#8211; 24.- \u20ac<br \/>\n50&#215;75 cm &#8211; 29.- \u20ac<br \/>\n30&#215;90 cm &#8211; 29.- \u20ac Panorama<\/p>\n<p><em><strong>Bilder wie ausgestellt<\/strong> <strong>von der Wand, aufgezogen auf KapaFix-Leichtschaumplatten<\/strong> <\/em>(k\u00f6nnen reserviert werden):<br \/>\n40&#215;60 cm &#8211; 49.- \u20ac<br \/>\n50&#215;70 cm &#8211; 59.- \u20ac<\/p>\n<p>&nbsp;<\/p>\n<p>&nbsp;<\/p>\n","protected":false},"excerpt":{"rendered":"<p>Bilderausstellung in den R\u00e4umen vom B\u00fcrgerTreff in Kirchheim\/Teck Thema: Heimische Tierwelt\u00a0 rund um Kirchheim unter Teck Vom 2. September bis zum 21. Dezember stelle ich einige meiner Bilder im Haus des B\u00fcrgerTreffs in den R\u00e4umen der Sammel-Tasse aus. Die Bilder werden in der Gr\u00f6\u00dfe 40&#215;60 cm und 50&#215;70 cm pr\u00e4sentiert. In der unten gezeigten Bildergalerie &hellip; <a href=\"https:\/\/www.naturfotografen-online.de\/wp\/verschiedenes\/fotografieren\/bilderausstellung\/\" class=\"more-link\"><span class=\"screen-reader-text\">Bilderausstellung<\/span> weiterlesen <span class=\"meta-nav\">&rarr;<\/span><\/a><\/p>\n","protected":false},"author":1,"featured_media":0,"parent":5020,"menu_order":0,"comment_status":"closed","ping_status":"closed","template":"page-templates\/full-width.php","meta":{"footnotes":""},"class_list":["post-13488","page","type-page","status-publish","hentry"],"_links":{"self":[{"href":"https:\/\/www.naturfotografen-online.de\/wp\/wp-json\/wp\/v2\/pages\/13488","targetHints":{"allow":["GET"]}}],"collection":[{"href":"https:\/\/www.naturfotografen-online.de\/wp\/wp-json\/wp\/v2\/pages"}],"about":[{"href":"https:\/\/www.naturfotografen-online.de\/wp\/wp-json\/wp\/v2\/types\/page"}],"author":[{"embeddable":true,"href":"https:\/\/www.naturfotografen-online.de\/wp\/wp-json\/wp\/v2\/users\/1"}],"replies":[{"embeddable":true,"href":"https:\/\/www.naturfotografen-online.de\/wp\/wp-json\/wp\/v2\/comments?post=13488"}],"version-history":[{"count":26,"href":"https:\/\/www.naturfotografen-online.de\/wp\/wp-json\/wp\/v2\/pages\/13488\/revisions"}],"predecessor-version":[{"id":13961,"href":"https:\/\/www.naturfotografen-online.de\/wp\/wp-json\/wp\/v2\/pages\/13488\/revisions\/13961"}],"up":[{"embeddable":true,"href":"https:\/\/www.naturfotografen-online.de\/wp\/wp-json\/wp\/v2\/pages\/5020"}],"wp:attachment":[{"href":"https:\/\/www.naturfotografen-online.de\/wp\/wp-json\/wp\/v2\/media?parent=13488"}],"curies":[{"name":"wp","href":"https:\/\/api.w.org\/{rel}","templated":true}]}}