{"id":21144,"date":"2019-12-22T13:58:52","date_gmt":"2019-12-22T12:58:52","guid":{"rendered":"https:\/\/www.naturfotografen-online.de\/wp\/?page_id=21144"},"modified":"2019-12-22T14:03:12","modified_gmt":"2019-12-22T13:03:12","slug":"graukeil","status":"publish","type":"page","link":"https:\/\/www.naturfotografen-online.de\/wp\/verschiedenes\/graukeil\/","title":{"rendered":"Graukeil"},"content":{"rendered":"<p>Anhand dieses Graukeiles, den ich mit 5% Abstufung angelegt habe kann der Monitor \u00fcberpr\u00fcft werden. Alle Felder sollten sichtbar sein und kein Farbstich in den Graut\u00f6nen\u00a0 erscheinen.<\/p>\n<figure id=\"attachment_21145\" aria-describedby=\"caption-attachment-21145\" style=\"width: 1262px\" class=\"wp-caption aligncenter\"><a href=\"https:\/\/www.naturfotografen-online.de\/wp\/wp-content\/uploads\/2019\/12\/graukeil-5-prozent.jpg\"><img loading=\"lazy\" decoding=\"async\" class=\"wp-image-21145 size-full\" src=\"https:\/\/www.naturfotografen-online.de\/wp\/wp-content\/uploads\/2019\/12\/graukeil-5-prozent.jpg\" alt=\"Graukeil mit 5% Abstufung in den Graut\u00f6nen\" width=\"1262\" height=\"193\" \/><\/a><figcaption id=\"caption-attachment-21145\" class=\"wp-caption-text\">Graukeil mit 5% Abstufung in den Graut\u00f6nen<\/figcaption><\/figure>\n","protected":false},"excerpt":{"rendered":"<p>Anhand dieses Graukeiles, den ich mit 5% Abstufung angelegt habe kann der Monitor \u00fcberpr\u00fcft werden. Alle Felder sollten sichtbar sein und kein Farbstich in den Graut\u00f6nen\u00a0 erscheinen.<\/p>\n","protected":false},"author":1,"featured_media":0,"parent":5399,"menu_order":0,"comment_status":"closed","ping_status":"closed","template":"page-templates\/full-width.php","meta":{"footnotes":""},"class_list":["post-21144","page","type-page","status-publish","hentry"],"_links":{"self":[{"href":"https:\/\/www.naturfotografen-online.de\/wp\/wp-json\/wp\/v2\/pages\/21144","targetHints":{"allow":["GET"]}}],"collection":[{"href":"https:\/\/www.naturfotografen-online.de\/wp\/wp-json\/wp\/v2\/pages"}],"about":[{"href":"https:\/\/www.naturfotografen-online.de\/wp\/wp-json\/wp\/v2\/types\/page"}],"author":[{"embeddable":true,"href":"https:\/\/www.naturfotografen-online.de\/wp\/wp-json\/wp\/v2\/users\/1"}],"replies":[{"embeddable":true,"href":"https:\/\/www.naturfotografen-online.de\/wp\/wp-json\/wp\/v2\/comments?post=21144"}],"version-history":[{"count":2,"href":"https:\/\/www.naturfotografen-online.de\/wp\/wp-json\/wp\/v2\/pages\/21144\/revisions"}],"predecessor-version":[{"id":21148,"href":"https:\/\/www.naturfotografen-online.de\/wp\/wp-json\/wp\/v2\/pages\/21144\/revisions\/21148"}],"up":[{"embeddable":true,"href":"https:\/\/www.naturfotografen-online.de\/wp\/wp-json\/wp\/v2\/pages\/5399"}],"wp:attachment":[{"href":"https:\/\/www.naturfotografen-online.de\/wp\/wp-json\/wp\/v2\/media?parent=21144"}],"curies":[{"name":"wp","href":"https:\/\/api.w.org\/{rel}","templated":true}]}}