{"id":41997,"date":"2025-10-01T09:51:08","date_gmt":"2025-10-01T07:51:08","guid":{"rendered":"https:\/\/www.naturfotografen-online.de\/wp\/?page_id=41997"},"modified":"2025-11-17T10:11:33","modified_gmt":"2025-11-17T09:11:33","slug":"kalender-2026","status":"publish","type":"page","link":"https:\/\/www.naturfotografen-online.de\/wp\/verschiedenes\/vita\/publikationen\/kalender-2026\/","title":{"rendered":"Kalender 2026"},"content":{"rendered":"<p><span style=\"font-size: 14pt;\"><em><strong>Kalender 2026 im Format A4 und A3<\/strong><\/em><\/span><\/p>\n<p><span style=\"color: #00ffff;\"><em><strong><span style=\"font-size: 14pt;\">Kalender sind gedruckt und k\u00f6nnen \u00fcber Email bestellt werden.<\/span><\/strong><\/em><\/span><\/p>\n<p>Wie in jedem Jahr habe ich auch f\u00fcr 2026 wieder Kalender im Format A4 (21 x 29,7 cm), Format A3 (<span class=\"dftab1\">29,7 x 42<\/span> cm) und A2 (<span class=\"dftab1\">42 x 59,4<\/span> cm) produziert. Der Kalender A2 wird weiter unten pr\u00e4sentiert.<br \/>\nF\u00fcr Freunde und Bekannte konnte ich seither die Kalender kostenlos abgeben. Leider ist das nicht mehr m\u00f6glich.<br \/>\nDie Kalender im A4 Format kosten bei Abholung 5,00 \u20ac und bei Versand 8,00 \u20ac.<br \/>\nDie Kalender im A3 Format kosten bei Abholung 9,00 \u20ac und bei Versand 16,00 \u20ac. Da diese Verpackungsgr\u00f6\u00dfe als Paket berechnet wird ist der Preis bei Versand den Postgeb\u00fchren angepasst.<br \/>\n<em><strong>Im Umkreis von 15 Kilometer meines Wohnortes werden die Kalender zum Abholpreis auch ausgeliefert.<\/strong><\/em><br \/>\n<em><strong>Bei Interesse einfach eine Email an naturbildershop@gmail.com oder \u00fcber Whatsapp bestellen<\/strong><\/em><\/p>\n<table style=\"border-collapse: collapse; width: 100%;\">\n<tbody>\n<tr>\n<td style=\"width: 25%;\" colspan=\"4\">\n<p><figure id=\"attachment_41998\" aria-describedby=\"caption-attachment-41998\" style=\"width: 300px\" class=\"wp-caption aligncenter\"><a href=\"https:\/\/www.naturfotografen-online.de\/wp\/wp-content\/uploads\/2025\/10\/Rolf-2026-A4-Final-1.jpg\"><img loading=\"lazy\" decoding=\"async\" class=\"wp-image-41998\" src=\"https:\/\/www.naturfotografen-online.de\/wp\/wp-content\/uploads\/2025\/10\/Rolf-2026-A4-Final-1.jpg\" alt=\"Kalender 2026 - Titelseite\" width=\"300\" height=\"214\" \/><\/a><figcaption id=\"caption-attachment-41998\" class=\"wp-caption-text\">Kalender 2026 &#8211; Titelseite<\/figcaption><\/figure><\/td>\n<\/tr>\n<tr>\n<td style=\"width: 25%;\">\n<p><figure id=\"attachment_41999\" aria-describedby=\"caption-attachment-41999\" style=\"width: 200px\" class=\"wp-caption aligncenter\"><a href=\"https:\/\/www.naturfotografen-online.de\/wp\/wp-content\/uploads\/2025\/10\/Rolf-2026-A4-Final-2.jpg\"><img loading=\"lazy\" decoding=\"async\" class=\"wp-image-41999\" src=\"https:\/\/www.naturfotografen-online.de\/wp\/wp-content\/uploads\/2025\/10\/Rolf-2026-A4-Final-2.jpg\" alt=\"Kalender 2026 - Januar\" width=\"200\" height=\"143\" \/><\/a><figcaption id=\"caption-attachment-41999\" class=\"wp-caption-text\">Kalender 2026 &#8211; Januar<\/figcaption><\/figure><\/td>\n<td style=\"width: 25%;\">\n<p><figure id=\"attachment_42000\" aria-describedby=\"caption-attachment-42000\" style=\"width: 200px\" class=\"wp-caption aligncenter\"><a href=\"https:\/\/www.naturfotografen-online.de\/wp\/wp-content\/uploads\/2025\/10\/Rolf-2026-A4-Final-3.jpg\"><img loading=\"lazy\" decoding=\"async\" class=\"wp-image-42000\" src=\"https:\/\/www.naturfotografen-online.de\/wp\/wp-content\/uploads\/2025\/10\/Rolf-2026-A4-Final-3.jpg\" alt=\"Kalender 2026 - Februar\" width=\"200\" height=\"143\" \/><\/a><figcaption id=\"caption-attachment-42000\" class=\"wp-caption-text\">Kalender 2026 &#8211; Februar<\/figcaption><\/figure><\/td>\n<td style=\"width: 25%;\">\n<p><figure id=\"attachment_42001\" aria-describedby=\"caption-attachment-42001\" style=\"width: 200px\" class=\"wp-caption aligncenter\"><a href=\"https:\/\/www.naturfotografen-online.de\/wp\/wp-content\/uploads\/2025\/10\/Rolf-2026-A4-Final-4.jpg\"><img loading=\"lazy\" decoding=\"async\" class=\"wp-image-42001\" src=\"https:\/\/www.naturfotografen-online.de\/wp\/wp-content\/uploads\/2025\/10\/Rolf-2026-A4-Final-4.jpg\" alt=\"Kalender 2026 - M\u00e4rz\" width=\"200\" height=\"143\" \/><\/a><figcaption id=\"caption-attachment-42001\" class=\"wp-caption-text\">Kalender 2026 &#8211; M\u00e4rz<\/figcaption><\/figure><\/td>\n<td style=\"width: 25%;\">\n<p><figure id=\"attachment_42002\" aria-describedby=\"caption-attachment-42002\" style=\"width: 200px\" class=\"wp-caption aligncenter\"><a href=\"https:\/\/www.naturfotografen-online.de\/wp\/wp-content\/uploads\/2025\/10\/Rolf-2026-A4-Final-5.jpg\"><img loading=\"lazy\" decoding=\"async\" class=\"wp-image-42002\" src=\"https:\/\/www.naturfotografen-online.de\/wp\/wp-content\/uploads\/2025\/10\/Rolf-2026-A4-Final-5.jpg\" alt=\"Kalender 2026 - April\" width=\"200\" height=\"143\" \/><\/a><figcaption id=\"caption-attachment-42002\" class=\"wp-caption-text\">Kalender 2026 &#8211; April<\/figcaption><\/figure><\/td>\n<\/tr>\n<tr>\n<td style=\"width: 25%;\">\n<p><figure id=\"attachment_42003\" aria-describedby=\"caption-attachment-42003\" style=\"width: 200px\" class=\"wp-caption aligncenter\"><a href=\"https:\/\/www.naturfotografen-online.de\/wp\/wp-content\/uploads\/2025\/10\/Rolf-2026-A4-Final-6.jpg\"><img loading=\"lazy\" decoding=\"async\" class=\"wp-image-42003\" src=\"https:\/\/www.naturfotografen-online.de\/wp\/wp-content\/uploads\/2025\/10\/Rolf-2026-A4-Final-6.jpg\" alt=\"Kalender 2026 - Mai\" width=\"200\" height=\"143\" \/><\/a><figcaption id=\"caption-attachment-42003\" class=\"wp-caption-text\">Kalender 2026 &#8211; Mai<\/figcaption><\/figure><\/td>\n<td style=\"width: 25%;\">\n<p><figure id=\"attachment_42004\" aria-describedby=\"caption-attachment-42004\" style=\"width: 200px\" class=\"wp-caption aligncenter\"><a href=\"https:\/\/www.naturfotografen-online.de\/wp\/wp-content\/uploads\/2025\/10\/Rolf-2026-A4-Final-7.jpg\"><img loading=\"lazy\" decoding=\"async\" class=\"wp-image-42004\" src=\"https:\/\/www.naturfotografen-online.de\/wp\/wp-content\/uploads\/2025\/10\/Rolf-2026-A4-Final-7.jpg\" alt=\"Kalender 2026 - Juni\" width=\"200\" height=\"143\" \/><\/a><figcaption id=\"caption-attachment-42004\" class=\"wp-caption-text\">Kalender 2026 &#8211; Juni<\/figcaption><\/figure><\/td>\n<td style=\"width: 25%;\">\n<p><figure id=\"attachment_42006\" aria-describedby=\"caption-attachment-42006\" style=\"width: 200px\" class=\"wp-caption aligncenter\"><a href=\"https:\/\/www.naturfotografen-online.de\/wp\/wp-content\/uploads\/2025\/10\/Rolf-2026-A4-Final-9.jpg\"><img loading=\"lazy\" decoding=\"async\" class=\"wp-image-42006\" src=\"https:\/\/www.naturfotografen-online.de\/wp\/wp-content\/uploads\/2025\/10\/Rolf-2026-A4-Final-9.jpg\" alt=\"Kalender 2026 - August\" width=\"200\" height=\"143\" \/><\/a><figcaption id=\"caption-attachment-42006\" class=\"wp-caption-text\">Kalender 2026 &#8211; August<\/figcaption><\/figure><\/td>\n<td style=\"width: 25%;\">\n<p><figure id=\"attachment_42005\" aria-describedby=\"caption-attachment-42005\" style=\"width: 200px\" class=\"wp-caption aligncenter\"><a href=\"https:\/\/www.naturfotografen-online.de\/wp\/wp-content\/uploads\/2025\/10\/Rolf-2026-A4-Final-8.jpg\"><img loading=\"lazy\" decoding=\"async\" class=\"wp-image-42005\" src=\"https:\/\/www.naturfotografen-online.de\/wp\/wp-content\/uploads\/2025\/10\/Rolf-2026-A4-Final-8.jpg\" alt=\"Kalender 2026 - Juli\" width=\"200\" height=\"143\" \/><\/a><figcaption id=\"caption-attachment-42005\" class=\"wp-caption-text\">Kalender 2026 &#8211; Juli<\/figcaption><\/figure><\/td>\n<\/tr>\n<tr>\n<td style=\"width: 25%;\">\n<p><figure id=\"attachment_42007\" aria-describedby=\"caption-attachment-42007\" style=\"width: 200px\" class=\"wp-caption aligncenter\"><a href=\"https:\/\/www.naturfotografen-online.de\/wp\/wp-content\/uploads\/2025\/10\/Rolf-2026-A4-Final-10.jpg\"><img loading=\"lazy\" decoding=\"async\" class=\"wp-image-42007\" src=\"https:\/\/www.naturfotografen-online.de\/wp\/wp-content\/uploads\/2025\/10\/Rolf-2026-A4-Final-10.jpg\" alt=\"Kalender 2026 - September\" width=\"200\" height=\"143\" \/><\/a><figcaption id=\"caption-attachment-42007\" class=\"wp-caption-text\">Kalender 2026 &#8211; September<\/figcaption><\/figure><\/td>\n<td style=\"width: 25%;\">\n<p><figure id=\"attachment_42008\" aria-describedby=\"caption-attachment-42008\" style=\"width: 200px\" class=\"wp-caption aligncenter\"><a href=\"https:\/\/www.naturfotografen-online.de\/wp\/wp-content\/uploads\/2025\/10\/Rolf-2026-A4-Final-11.jpg\"><img loading=\"lazy\" decoding=\"async\" class=\"wp-image-42008\" src=\"https:\/\/www.naturfotografen-online.de\/wp\/wp-content\/uploads\/2025\/10\/Rolf-2026-A4-Final-11.jpg\" alt=\"Kalender 2026 - Oktober\" width=\"200\" height=\"143\" \/><\/a><figcaption id=\"caption-attachment-42008\" class=\"wp-caption-text\">Kalender 2026 &#8211; Oktober<\/figcaption><\/figure><\/td>\n<td style=\"width: 25%;\">\n<p><figure id=\"attachment_42009\" aria-describedby=\"caption-attachment-42009\" style=\"width: 200px\" class=\"wp-caption aligncenter\"><a href=\"https:\/\/www.naturfotografen-online.de\/wp\/wp-content\/uploads\/2025\/10\/Rolf-2026-A4-Final-12.jpg\"><img loading=\"lazy\" decoding=\"async\" class=\"wp-image-42009\" src=\"https:\/\/www.naturfotografen-online.de\/wp\/wp-content\/uploads\/2025\/10\/Rolf-2026-A4-Final-12.jpg\" alt=\"Kalender 2026 - November\" width=\"200\" height=\"143\" \/><\/a><figcaption id=\"caption-attachment-42009\" class=\"wp-caption-text\">Kalender 2026 &#8211; November<\/figcaption><\/figure><\/td>\n<td style=\"width: 25%;\">\n<p><figure id=\"attachment_42010\" aria-describedby=\"caption-attachment-42010\" style=\"width: 200px\" class=\"wp-caption aligncenter\"><a href=\"https:\/\/www.naturfotografen-online.de\/wp\/wp-content\/uploads\/2025\/10\/Rolf-2026-A4-Final-13.jpg\"><img loading=\"lazy\" decoding=\"async\" class=\"wp-image-42010\" src=\"https:\/\/www.naturfotografen-online.de\/wp\/wp-content\/uploads\/2025\/10\/Rolf-2026-A4-Final-13.jpg\" alt=\"Kalender 2026 - Dezember\" width=\"200\" height=\"143\" \/><\/a><figcaption id=\"caption-attachment-42010\" class=\"wp-caption-text\">Kalender 2026 &#8211; Dezember<\/figcaption><\/figure><\/td>\n<\/tr>\n<tr>\n<td style=\"width: 25%;\" colspan=\"4\">\n<p><figure id=\"attachment_42011\" aria-describedby=\"caption-attachment-42011\" style=\"width: 300px\" class=\"wp-caption aligncenter\"><a href=\"https:\/\/www.naturfotografen-online.de\/wp\/wp-content\/uploads\/2025\/10\/Rolf-2026-A4-Final-14.jpg\"><img loading=\"lazy\" decoding=\"async\" class=\"wp-image-42011\" src=\"https:\/\/www.naturfotografen-online.de\/wp\/wp-content\/uploads\/2025\/10\/Rolf-2026-A4-Final-14.jpg\" alt=\"Kalender 2026 - Beschreibung\" width=\"300\" height=\"214\" \/><\/a><figcaption id=\"caption-attachment-42011\" class=\"wp-caption-text\">Kalender 2026 &#8211; Beschreibung<\/figcaption><\/figure><\/td>\n<\/tr>\n<\/tbody>\n<\/table>\n<p><span style=\"font-size: 14pt;\"><em><strong>Kalender im Format A2 (42&#215;60 cm)<\/strong><\/em><\/span><\/p>\n<p><span style=\"font-size: 14pt; color: #00ffff;\"><em><strong>Nur noch 2 Exemplare vorhanden<\/strong><\/em><\/span><\/p>\n<p><span style=\"font-size: 14pt;\"><em><strong><br \/>\n<\/strong><\/em><span style=\"font-size: 12pt;\">Der Kalender kostet 25.- \u20ac und kann nur abgeholt oder in der Umgebung von mir ausgeliefert werden. Die Versandkosten sind zu hoch.<\/span><\/span><\/p>\n\n\t\t<div id='gallery-1' class='gallery galleryid-41997 gallery-columns-4 gallery-size-thumbnail gallery1'><script type=\"text\/javascript\">\r\n\/\/ <![CDATA[\r\n\tjQuery(document).ready(function () {\r\n\t\tjQuery(\".gallery1 a\").attr(\"rel\",\"gallery1\");\t\r\n\t\tjQuery('a[rel=\"gallery1\"]').colorbox({maxWidth:\"95%\", maxHeight:\"95%\",title: function(){ return jQuery(this).children().attr(\"alt\"); }, });\r\n\t});\r\n\/\/ ]]>\r\n<\/script>\n\r\n\t\t\t<style type=\"text\/css\">\r\n\t\t\t\t#cboxCurrent { display:none !important; }\r\n\t\t\t<\/style>\n<figure class=\"gallery-item\">\n<div class=\"gallery-icon\">\r\n<a href=\"https:\/\/www.naturfotografen-online.de\/wp\/wp-content\/uploads\/2025\/10\/Rolf-2026-A2-quer-20plus-1.jpg\" title=\"Titelbild 2026\" rel=\"gallery1\"><img loading=\"lazy\" decoding=\"async\" src=\"https:\/\/www.naturfotografen-online.de\/wp\/wp-content\/uploads\/2025\/10\/Rolf-2026-A2-quer-20plus-1-120x120.jpg\" width=\"120\" height=\"120\" alt=\"Titelbild 2026\" \/><\/a>\r\n<\/div><figcaption class=\"gallery-caption\" id=\"caption42125\"><span class=\"imagecaption\">Titelbild 2026<\/span><br \/>\n<\/figcaption><\/figure><figure class=\"gallery-item\">\n<div class=\"gallery-icon\">\r\n<a href=\"https:\/\/www.naturfotografen-online.de\/wp\/wp-content\/uploads\/2025\/10\/Rolf-2026-A2-quer-2.jpg\" title=\"Januar 2026\" rel=\"gallery1\"><img loading=\"lazy\" decoding=\"async\" src=\"https:\/\/www.naturfotografen-online.de\/wp\/wp-content\/uploads\/2025\/10\/Rolf-2026-A2-quer-2-120x120.jpg\" width=\"120\" height=\"120\" alt=\"Januar 2026\" \/><\/a>\r\n<\/div><figcaption class=\"gallery-caption\" id=\"caption42111\"><span class=\"imagecaption\">Januar 2026<\/span><br \/>\n<\/figcaption><\/figure><figure class=\"gallery-item\">\n<div class=\"gallery-icon\">\r\n<a href=\"https:\/\/www.naturfotografen-online.de\/wp\/wp-content\/uploads\/2025\/10\/Rolf-2026-A2-quer-3.jpg\" title=\"Februar 2026\" rel=\"gallery1\"><img loading=\"lazy\" decoding=\"async\" src=\"https:\/\/www.naturfotografen-online.de\/wp\/wp-content\/uploads\/2025\/10\/Rolf-2026-A2-quer-3-120x120.jpg\" width=\"120\" height=\"120\" alt=\"Februar 2026\" \/><\/a>\r\n<\/div><figcaption class=\"gallery-caption\" id=\"caption42112\"><span class=\"imagecaption\">Februar 2026<\/span><br \/>\n<\/figcaption><\/figure><figure class=\"gallery-item\">\n<div class=\"gallery-icon\">\r\n<a href=\"https:\/\/www.naturfotografen-online.de\/wp\/wp-content\/uploads\/2025\/10\/Rolf-2026-A2-quer-4.jpg\" title=\"M\u00e4rz 2026\" rel=\"gallery1\"><img loading=\"lazy\" decoding=\"async\" src=\"https:\/\/www.naturfotografen-online.de\/wp\/wp-content\/uploads\/2025\/10\/Rolf-2026-A2-quer-4-120x120.jpg\" width=\"120\" height=\"120\" alt=\"M\u00e4rz 2026\" \/><\/a>\r\n<\/div><figcaption class=\"gallery-caption\" id=\"caption42113\"><span class=\"imagecaption\">M\u00e4rz 2026<\/span><br \/>\n<\/figcaption><\/figure><figure class=\"gallery-item\">\n<div class=\"gallery-icon\">\r\n<a href=\"https:\/\/www.naturfotografen-online.de\/wp\/wp-content\/uploads\/2025\/10\/Rolf-2026-A2-quer-5.jpg\" title=\"April 2026\" rel=\"gallery1\"><img loading=\"lazy\" decoding=\"async\" src=\"https:\/\/www.naturfotografen-online.de\/wp\/wp-content\/uploads\/2025\/10\/Rolf-2026-A2-quer-5-120x120.jpg\" width=\"120\" height=\"120\" alt=\"April 2026\" \/><\/a>\r\n<\/div><figcaption class=\"gallery-caption\" id=\"caption42114\"><span class=\"imagecaption\">April 2026<\/span><br \/>\n<\/figcaption><\/figure><figure class=\"gallery-item\">\n<div class=\"gallery-icon\">\r\n<a href=\"https:\/\/www.naturfotografen-online.de\/wp\/wp-content\/uploads\/2025\/10\/Rolf-2026-A2-quer-6.jpg\" title=\"Mai 2026\" rel=\"gallery1\"><img loading=\"lazy\" decoding=\"async\" src=\"https:\/\/www.naturfotografen-online.de\/wp\/wp-content\/uploads\/2025\/10\/Rolf-2026-A2-quer-6-120x120.jpg\" width=\"120\" height=\"120\" alt=\"Mai 2026\" \/><\/a>\r\n<\/div><figcaption class=\"gallery-caption\" id=\"caption42115\"><span class=\"imagecaption\">Mai 2026<\/span><br \/>\n<\/figcaption><\/figure><figure class=\"gallery-item\">\n<div class=\"gallery-icon\">\r\n<a href=\"https:\/\/www.naturfotografen-online.de\/wp\/wp-content\/uploads\/2025\/10\/Rolf-2026-A2-quer-7.jpg\" title=\"Juni 2026\" rel=\"gallery1\"><img loading=\"lazy\" decoding=\"async\" src=\"https:\/\/www.naturfotografen-online.de\/wp\/wp-content\/uploads\/2025\/10\/Rolf-2026-A2-quer-7-120x120.jpg\" width=\"120\" height=\"120\" alt=\"Juni 2026\" \/><\/a>\r\n<\/div><figcaption class=\"gallery-caption\" id=\"caption42116\"><span class=\"imagecaption\">Juni 2026<\/span><br \/>\n<\/figcaption><\/figure><figure class=\"gallery-item\">\n<div class=\"gallery-icon\">\r\n<a href=\"https:\/\/www.naturfotografen-online.de\/wp\/wp-content\/uploads\/2025\/10\/Rolf-2026-A2-quer-8.jpg\" title=\"Juli 2026\" rel=\"gallery1\"><img loading=\"lazy\" decoding=\"async\" src=\"https:\/\/www.naturfotografen-online.de\/wp\/wp-content\/uploads\/2025\/10\/Rolf-2026-A2-quer-8-120x120.jpg\" width=\"120\" height=\"120\" alt=\"Juli 2026\" \/><\/a>\r\n<\/div><figcaption class=\"gallery-caption\" id=\"caption42117\"><span class=\"imagecaption\">Juli 2026<\/span><br \/>\n<\/figcaption><\/figure><figure class=\"gallery-item\">\n<div class=\"gallery-icon\">\r\n<a href=\"https:\/\/www.naturfotografen-online.de\/wp\/wp-content\/uploads\/2025\/10\/Rolf-2026-A2-quer-9.jpg\" title=\"August 2026\" rel=\"gallery1\"><img loading=\"lazy\" decoding=\"async\" src=\"https:\/\/www.naturfotografen-online.de\/wp\/wp-content\/uploads\/2025\/10\/Rolf-2026-A2-quer-9-120x120.jpg\" width=\"120\" height=\"120\" alt=\"August 2026\" \/><\/a>\r\n<\/div><figcaption class=\"gallery-caption\" id=\"caption42118\"><span class=\"imagecaption\">August 2026<\/span><br \/>\n<\/figcaption><\/figure><figure class=\"gallery-item\">\n<div class=\"gallery-icon\">\r\n<a href=\"https:\/\/www.naturfotografen-online.de\/wp\/wp-content\/uploads\/2025\/10\/Rolf-2026-A2-quer-10.jpg\" title=\"September 2026\" rel=\"gallery1\"><img loading=\"lazy\" decoding=\"async\" src=\"https:\/\/www.naturfotografen-online.de\/wp\/wp-content\/uploads\/2025\/10\/Rolf-2026-A2-quer-10-120x120.jpg\" width=\"120\" height=\"120\" alt=\"September 2026\" \/><\/a>\r\n<\/div><figcaption class=\"gallery-caption\" id=\"caption42119\"><span class=\"imagecaption\">September 2026<\/span><br \/>\n<\/figcaption><\/figure><figure class=\"gallery-item\">\n<div class=\"gallery-icon\">\r\n<a href=\"https:\/\/www.naturfotografen-online.de\/wp\/wp-content\/uploads\/2025\/10\/Rolf-2026-A2-quer-11.jpg\" title=\"Oktober 2026\" rel=\"gallery1\"><img loading=\"lazy\" decoding=\"async\" src=\"https:\/\/www.naturfotografen-online.de\/wp\/wp-content\/uploads\/2025\/10\/Rolf-2026-A2-quer-11-120x120.jpg\" width=\"120\" height=\"120\" alt=\"Oktober 2026\" \/><\/a>\r\n<\/div><figcaption class=\"gallery-caption\" id=\"caption42120\"><span class=\"imagecaption\">Oktober 2026<\/span><br \/>\n<\/figcaption><\/figure><figure class=\"gallery-item\">\n<div class=\"gallery-icon\">\r\n<a href=\"https:\/\/www.naturfotografen-online.de\/wp\/wp-content\/uploads\/2025\/10\/Rolf-2026-A2-quer-12.jpg\" title=\"November 2026\" rel=\"gallery1\"><img loading=\"lazy\" decoding=\"async\" src=\"https:\/\/www.naturfotografen-online.de\/wp\/wp-content\/uploads\/2025\/10\/Rolf-2026-A2-quer-12-120x120.jpg\" width=\"120\" height=\"120\" alt=\"November 2026\" \/><\/a>\r\n<\/div><figcaption class=\"gallery-caption\" id=\"caption42121\"><span class=\"imagecaption\">November 2026<\/span><br \/>\n<\/figcaption><\/figure><figure class=\"gallery-item\">\n<div class=\"gallery-icon\">\r\n<a href=\"https:\/\/www.naturfotografen-online.de\/wp\/wp-content\/uploads\/2025\/10\/Rolf-2026-A2-quer-13.jpg\" title=\"Dezember 2026\" rel=\"gallery1\"><img loading=\"lazy\" decoding=\"async\" src=\"https:\/\/www.naturfotografen-online.de\/wp\/wp-content\/uploads\/2025\/10\/Rolf-2026-A2-quer-13-120x120.jpg\" width=\"120\" height=\"120\" alt=\"Dezember 2026\" \/><\/a>\r\n<\/div><figcaption class=\"gallery-caption\" id=\"caption42122\"><span class=\"imagecaption\">Dezember 2026<\/span><br \/>\n<\/figcaption><\/figure>\r\n\t\t<\/div>\n\n","protected":false},"excerpt":{"rendered":"<p>Kalender 2026 im Format A4 und A3 Kalender sind gedruckt und k\u00f6nnen \u00fcber Email bestellt werden. Wie in jedem Jahr habe ich auch f\u00fcr 2026 wieder Kalender im Format A4 (21 x 29,7 cm), Format A3 (29,7 x 42 cm) und A2 (42 x 59,4 cm) produziert. Der Kalender A2 wird weiter unten pr\u00e4sentiert. F\u00fcr &hellip; <a href=\"https:\/\/www.naturfotografen-online.de\/wp\/verschiedenes\/vita\/publikationen\/kalender-2026\/\" class=\"more-link\"><span class=\"screen-reader-text\">Kalender 2026<\/span> weiterlesen <span class=\"meta-nav\">&rarr;<\/span><\/a><\/p>\n","protected":false},"author":1,"featured_media":0,"parent":3193,"menu_order":0,"comment_status":"closed","ping_status":"closed","template":"page-templates\/full-width.php","meta":{"footnotes":""},"class_list":["post-41997","page","type-page","status-publish","hentry"],"_links":{"self":[{"href":"https:\/\/www.naturfotografen-online.de\/wp\/wp-json\/wp\/v2\/pages\/41997","targetHints":{"allow":["GET"]}}],"collection":[{"href":"https:\/\/www.naturfotografen-online.de\/wp\/wp-json\/wp\/v2\/pages"}],"about":[{"href":"https:\/\/www.naturfotografen-online.de\/wp\/wp-json\/wp\/v2\/types\/page"}],"author":[{"embeddable":true,"href":"https:\/\/www.naturfotografen-online.de\/wp\/wp-json\/wp\/v2\/users\/1"}],"replies":[{"embeddable":true,"href":"https:\/\/www.naturfotografen-online.de\/wp\/wp-json\/wp\/v2\/comments?post=41997"}],"version-history":[{"count":23,"href":"https:\/\/www.naturfotografen-online.de\/wp\/wp-json\/wp\/v2\/pages\/41997\/revisions"}],"predecessor-version":[{"id":42344,"href":"https:\/\/www.naturfotografen-online.de\/wp\/wp-json\/wp\/v2\/pages\/41997\/revisions\/42344"}],"up":[{"embeddable":true,"href":"https:\/\/www.naturfotografen-online.de\/wp\/wp-json\/wp\/v2\/pages\/3193"}],"wp:attachment":[{"href":"https:\/\/www.naturfotografen-online.de\/wp\/wp-json\/wp\/v2\/media?parent=41997"}],"curies":[{"name":"wp","href":"https:\/\/api.w.org\/{rel}","templated":true}]}}